{"id":3719,"date":"2018-05-23T13:35:55","date_gmt":"2018-05-23T12:35:55","guid":{"rendered":"http:\/\/www.lancaster.ac.uk\/cuidar\/?page_id=3719"},"modified":"2018-10-01T14:15:57","modified_gmt":"2018-10-01T13:15:57","slug":"framework-box-por","status":"publish","type":"page","link":"https:\/\/www.lancaster.ac.uk\/cuidar\/framework-box-por\/","title":{"rendered":"Caixa do referencial CUIDAR"},"content":{"rendered":"<p>O resultado final do projeto CUIDAR foi a cria\u00e7\u00e3o de um referencial para a gest\u00e3o de cat\u00e1strofes centrado nas crian\u00e7as dirigido \u00e0s pol\u00edticas e pr\u00e1ticas na Europa. Desenvolvemos um conjunto de ferramentas e recursos associados ao Referencial para vos incentivar a ver, aprender e agir.<\/p>\n<p>Para descobrir o que est\u00e1 na caixa, vejam este filme breve!<\/p>\n<p><span class=\"embed-youtube\" style=\"text-align:center; display: block;\"><iframe loading=\"lazy\" class=\"youtube-player\" width=\"640\" height=\"360\" src=\"https:\/\/www.youtube.com\/embed\/bITIsHkAPSk?version=3&#038;rel=1&#038;showsearch=0&#038;showinfo=1&#038;iv_load_policy=1&#038;fs=1&#038;hl=en-GB&#038;autohide=2&#038;wmode=transparent\" allowfullscreen=\"true\" style=\"border:0;\" sandbox=\"allow-scripts allow-same-origin allow-popups allow-presentation allow-popups-to-escape-sandbox\"><\/iframe><\/span><\/p>\n<p>A caixa do Referencial contem:<\/p>\n<ul>\n<li>Uma caneta CUIDAR com uma pen USB com o filme e outros materiais;<\/li>\n<\/ul>\n<ul>\n<li>Um folheto interativo do projeto, que resume as mensagens principais do relat\u00f3rio. Est\u00e1 dispon\u00edvel na pen USB uma vers\u00e3o \u00e1udio do relat\u00f3rio;<\/li>\n<\/ul>\n<ul>\n<li>Uma vers\u00e3o em Braille do folheto do projeto;<\/li>\n<\/ul>\n<ul>\n<li><a href=\"https:\/\/i0.wp.com\/www.lancaster.ac.uk\/cuidar\/wp-content\/uploads\/2018\/05\/IMG_0591-resized.jpg\"><img data-recalc-dims=\"1\" loading=\"lazy\" decoding=\"async\" data-attachment-id=\"3501\" data-permalink=\"https:\/\/www.lancaster.ac.uk\/cuidar\/framework-box\/img_0591-resized\/\" data-orig-file=\"https:\/\/i0.wp.com\/www.lancaster.ac.uk\/cuidar\/wp-content\/uploads\/2018\/05\/IMG_0591-resized.jpg?fit=2304%2C1728&amp;ssl=1\" data-orig-size=\"2304,1728\" data-comments-opened=\"0\" data-image-meta=\"{&quot;aperture&quot;:&quot;0&quot;,&quot;credit&quot;:&quot;&quot;,&quot;camera&quot;:&quot;&quot;,&quot;caption&quot;:&quot;&quot;,&quot;created_timestamp&quot;:&quot;0&quot;,&quot;copyright&quot;:&quot;&quot;,&quot;focal_length&quot;:&quot;0&quot;,&quot;iso&quot;:&quot;0&quot;,&quot;shutter_speed&quot;:&quot;0&quot;,&quot;title&quot;:&quot;&quot;,&quot;orientation&quot;:&quot;0&quot;}\" data-image-title=\"IMG_0591 resized\" data-image-description=\"&lt;p&gt;A picture of the brown and white framework box held open. The box contains the project leaflet, the leaflet in Braille, the CUIDAR pen and memory stick, the project report and the postcard&lt;\/p&gt;\n\" data-image-caption=\"\" data-large-file=\"https:\/\/i0.wp.com\/www.lancaster.ac.uk\/cuidar\/wp-content\/uploads\/2018\/05\/IMG_0591-resized.jpg?fit=640%2C480&amp;ssl=1\" id=\"longdesc-return-3501\" class=\" wp-image-3501 alignright\" tabindex=\"-1\" src=\"https:\/\/i0.wp.com\/www.lancaster.ac.uk\/cuidar\/wp-content\/uploads\/2018\/05\/IMG_0591-resized.jpg?resize=351%2C263\" alt=\"A picture of the brown and white framework box held open. The box contains the project leaflet, the leaflet in Braille, the CUIDAR pen and memory stick, the project report and the postcard\" width=\"351\" height=\"263\" longdesc=\"http:\/\/www.lancaster.ac.uk\/cuidar?longdesc=3501&amp;referrer=3454\" srcset=\"https:\/\/i0.wp.com\/www.lancaster.ac.uk\/cuidar\/wp-content\/uploads\/2018\/05\/IMG_0591-resized.jpg?resize=300%2C225&amp;ssl=1 300w, https:\/\/i0.wp.com\/www.lancaster.ac.uk\/cuidar\/wp-content\/uploads\/2018\/05\/IMG_0591-resized.jpg?resize=768%2C576&amp;ssl=1 768w, https:\/\/i0.wp.com\/www.lancaster.ac.uk\/cuidar\/wp-content\/uploads\/2018\/05\/IMG_0591-resized.jpg?resize=1024%2C768&amp;ssl=1 1024w, https:\/\/i0.wp.com\/www.lancaster.ac.uk\/cuidar\/wp-content\/uploads\/2018\/05\/IMG_0591-resized.jpg?resize=285%2C214&amp;ssl=1 285w, https:\/\/i0.wp.com\/www.lancaster.ac.uk\/cuidar\/wp-content\/uploads\/2018\/05\/IMG_0591-resized.jpg?w=1280 1280w, https:\/\/i0.wp.com\/www.lancaster.ac.uk\/cuidar\/wp-content\/uploads\/2018\/05\/IMG_0591-resized.jpg?w=1920 1920w\" sizes=\"auto, (max-width: 351px) 100vw, 351px\" \/><\/a>O relat\u00f3rio do Referencial CUIDAR;<\/li>\n<\/ul>\n<ul>\n<li>Um anexo ao relat\u00f3rio com Hist\u00f3rias do Referencial. Estas hist\u00f3rias d\u00e3o conta de mudan\u00e7as operadas por decisores pol\u00edticos e profissionais na sequ\u00eancia dos di\u00e1logos com crian\u00e7as e jovens;<\/li>\n<\/ul>\n<ul>\n<li>Um postal no qual os participantes no evento final CUIDAR, realizado em Lisboa em maio de 2018, foram convidados a escrever os seus compromissos de a\u00e7\u00e3o em resposta \u00e0s recomenda\u00e7\u00f5es do Referencial. Estas promessas est\u00e3o a ser partilhadas com as crian\u00e7as e jovens europeus que participaram no projeto CUIDAR.<\/li>\n<\/ul>\n","protected":false},"excerpt":{"rendered":"<p>O resultado final do projeto CUIDAR foi a cria\u00e7\u00e3o de um referencial para a gest\u00e3o de cat\u00e1strofes centrado nas crian\u00e7as dirigido \u00e0s pol\u00edticas e pr\u00e1ticas na Europa. Desenvolvemos um conjunto de ferramentas e recursos associados ao Referencial para vos incentivar a ver, aprender e agir. Para descobrir o que est\u00e1 na caixa, vejam este filme<a href=\"https:\/\/www.lancaster.ac.uk\/cuidar\/framework-box-por\/\">[&#8230;]<\/a><\/p>\n","protected":false},"author":10,"featured_media":0,"parent":0,"menu_order":0,"comment_status":"closed","ping_status":"closed","template":"","meta":{"jetpack_post_was_ever_published":false,"footnotes":""},"tags":[],"class_list":["post-3719","page","type-page","status-publish","hentry"],"jetpack_sharing_enabled":true,"jetpack_shortlink":"https:\/\/wp.me\/P70rsT-XZ","_links":{"self":[{"href":"https:\/\/www.lancaster.ac.uk\/cuidar\/wp-json\/wp\/v2\/pages\/3719","targetHints":{"allow":["GET"]}}],"collection":[{"href":"https:\/\/www.lancaster.ac.uk\/cuidar\/wp-json\/wp\/v2\/pages"}],"about":[{"href":"https:\/\/www.lancaster.ac.uk\/cuidar\/wp-json\/wp\/v2\/types\/page"}],"author":[{"embeddable":true,"href":"https:\/\/www.lancaster.ac.uk\/cuidar\/wp-json\/wp\/v2\/users\/10"}],"replies":[{"embeddable":true,"href":"https:\/\/www.lancaster.ac.uk\/cuidar\/wp-json\/wp\/v2\/comments?post=3719"}],"version-history":[{"count":5,"href":"https:\/\/www.lancaster.ac.uk\/cuidar\/wp-json\/wp\/v2\/pages\/3719\/revisions"}],"predecessor-version":[{"id":4176,"href":"https:\/\/www.lancaster.ac.uk\/cuidar\/wp-json\/wp\/v2\/pages\/3719\/revisions\/4176"}],"wp:attachment":[{"href":"https:\/\/www.lancaster.ac.uk\/cuidar\/wp-json\/wp\/v2\/media?parent=3719"}],"wp:term":[{"taxonomy":"post_tag","embeddable":true,"href":"https:\/\/www.lancaster.ac.uk\/cuidar\/wp-json\/wp\/v2\/tags?post=3719"}],"curies":[{"name":"wp","href":"https:\/\/api.w.org\/{rel}","templated":true}]}}