{"id":3735,"date":"2018-05-23T13:35:00","date_gmt":"2018-05-23T12:35:00","guid":{"rendered":"http:\/\/www.lancaster.ac.uk\/cuidar\/?page_id=3735"},"modified":"2018-10-02T08:40:35","modified_gmt":"2018-10-02T07:40:35","slug":"cuidar-stories-por","status":"publish","type":"page","link":"https:\/\/www.lancaster.ac.uk\/cuidar\/cuidar-stories-por\/","title":{"rendered":"As hist\u00f3rias do CUIDAR"},"content":{"rendered":"<p><a href=\"https:\/\/i0.wp.com\/www.lancaster.ac.uk\/cuidar\/wp-content\/uploads\/2018\/05\/IMG_0644-resized.jpg\"><img data-recalc-dims=\"1\" loading=\"lazy\" decoding=\"async\" data-attachment-id=\"3483\" data-permalink=\"https:\/\/www.lancaster.ac.uk\/cuidar\/cuidar-stories\/img_0644-resized\/\" data-orig-file=\"https:\/\/i0.wp.com\/www.lancaster.ac.uk\/cuidar\/wp-content\/uploads\/2018\/05\/IMG_0644-resized.jpg?fit=1728%2C2304&amp;ssl=1\" data-orig-size=\"1728,2304\" data-comments-opened=\"0\" data-image-meta=\"{&quot;aperture&quot;:&quot;0&quot;,&quot;credit&quot;:&quot;&quot;,&quot;camera&quot;:&quot;&quot;,&quot;caption&quot;:&quot;&quot;,&quot;created_timestamp&quot;:&quot;0&quot;,&quot;copyright&quot;:&quot;&quot;,&quot;focal_length&quot;:&quot;0&quot;,&quot;iso&quot;:&quot;0&quot;,&quot;shutter_speed&quot;:&quot;0&quot;,&quot;title&quot;:&quot;&quot;,&quot;orientation&quot;:&quot;0&quot;}\" data-image-title=\"IMG_0644 resized\" data-image-description=\"&lt;p&gt;A leaflet of &amp;#8216;Stories from CUIDAR&amp;#8217; in white on an orange background with the CUIDAR project logo pictures in the middle &amp;#8211; (clockwise from the top left) volcano, earthquake, storm and wave. The CUIDAR logo text is in white below.&lt;\/p&gt;\n\" data-image-caption=\"\" data-large-file=\"https:\/\/i0.wp.com\/www.lancaster.ac.uk\/cuidar\/wp-content\/uploads\/2018\/05\/IMG_0644-resized.jpg?fit=640%2C853&amp;ssl=1\" id=\"longdesc-return-3483\" class=\"wp-image-3483 alignleft\" tabindex=\"-1\" src=\"https:\/\/i0.wp.com\/www.lancaster.ac.uk\/cuidar\/wp-content\/uploads\/2018\/05\/IMG_0644-resized.jpg?resize=330%2C440\" alt=\"A leaflet of 'Stories from CUIDAR' in white on an orange background with the CUIDAR project logo pictures in the middle - (clockwise from the top left) volcano, earthquake, storm and wave. The CUIDAR logo text is in white below.\" width=\"330\" height=\"440\" longdesc=\"http:\/\/www.lancaster.ac.uk\/cuidar?longdesc=3483&amp;referrer=3456\" srcset=\"https:\/\/i0.wp.com\/www.lancaster.ac.uk\/cuidar\/wp-content\/uploads\/2018\/05\/IMG_0644-resized.jpg?resize=225%2C300&amp;ssl=1 225w, https:\/\/i0.wp.com\/www.lancaster.ac.uk\/cuidar\/wp-content\/uploads\/2018\/05\/IMG_0644-resized.jpg?resize=768%2C1024&amp;ssl=1 768w, https:\/\/i0.wp.com\/www.lancaster.ac.uk\/cuidar\/wp-content\/uploads\/2018\/05\/IMG_0644-resized.jpg?w=1728&amp;ssl=1 1728w, https:\/\/i0.wp.com\/www.lancaster.ac.uk\/cuidar\/wp-content\/uploads\/2018\/05\/IMG_0644-resized.jpg?w=1280 1280w\" sizes=\"auto, (max-width: 330px) 100vw, 330px\" \/><\/a>H\u00e1 muitas hist\u00f3rias e exemplos de mudan\u00e7as no terreno que ocorreram ao longo da dura\u00e7\u00e3o do projeto CUIDAR. Selecionamos cinco hist\u00f3rias para ilustrar o tipo de intera\u00e7\u00f5es e interven\u00e7\u00f5es que aconteceram, mas pode encontrar outras nos relat\u00f3rios dos <a href=\"http:\/\/www.lancaster.ac.uk\/cuidar\/pt\/project-outputs-3\/\">Work Package Reports<\/a>.<\/p>\n<p>A nossa inten\u00e7\u00e3o \u00e9 que estas cinco hist\u00f3rias estimulem os decisores pol\u00edticos e os profissionais a experimentar abordagens e atividades diferentes para envolver as crian\u00e7as e jovens na gest\u00e3o do risco de cat\u00e1strofe.<\/p>\n<p>Descarregue aqui as\u00a0<a href=\"http:\/\/www.lancaster.ac.uk\/cuidar\/wp-content\/uploads\/2018\/10\/Stories-from-CUIDAR.pdf\">Hist\u00f3rias do\u00a0CUIDAR<\/a> (em ingles)<\/p>\n","protected":false},"excerpt":{"rendered":"<p>H\u00e1 muitas hist\u00f3rias e exemplos de mudan\u00e7as no terreno que ocorreram ao longo da dura\u00e7\u00e3o do projeto CUIDAR. Selecionamos cinco hist\u00f3rias para ilustrar o tipo de intera\u00e7\u00f5es e interven\u00e7\u00f5es que aconteceram, mas pode encontrar outras nos relat\u00f3rios dos Work Package Reports. A nossa inten\u00e7\u00e3o \u00e9 que estas cinco hist\u00f3rias estimulem os decisores pol\u00edticos e os<a href=\"https:\/\/www.lancaster.ac.uk\/cuidar\/cuidar-stories-por\/\">[&#8230;]<\/a><\/p>\n","protected":false},"author":10,"featured_media":0,"parent":0,"menu_order":0,"comment_status":"closed","ping_status":"closed","template":"","meta":{"jetpack_post_was_ever_published":false,"footnotes":""},"tags":[],"class_list":["post-3735","page","type-page","status-publish","hentry"],"jetpack_sharing_enabled":true,"jetpack_shortlink":"https:\/\/wp.me\/P70rsT-Yf","_links":{"self":[{"href":"https:\/\/www.lancaster.ac.uk\/cuidar\/wp-json\/wp\/v2\/pages\/3735","targetHints":{"allow":["GET"]}}],"collection":[{"href":"https:\/\/www.lancaster.ac.uk\/cuidar\/wp-json\/wp\/v2\/pages"}],"about":[{"href":"https:\/\/www.lancaster.ac.uk\/cuidar\/wp-json\/wp\/v2\/types\/page"}],"author":[{"embeddable":true,"href":"https:\/\/www.lancaster.ac.uk\/cuidar\/wp-json\/wp\/v2\/users\/10"}],"replies":[{"embeddable":true,"href":"https:\/\/www.lancaster.ac.uk\/cuidar\/wp-json\/wp\/v2\/comments?post=3735"}],"version-history":[{"count":7,"href":"https:\/\/www.lancaster.ac.uk\/cuidar\/wp-json\/wp\/v2\/pages\/3735\/revisions"}],"predecessor-version":[{"id":4187,"href":"https:\/\/www.lancaster.ac.uk\/cuidar\/wp-json\/wp\/v2\/pages\/3735\/revisions\/4187"}],"wp:attachment":[{"href":"https:\/\/www.lancaster.ac.uk\/cuidar\/wp-json\/wp\/v2\/media?parent=3735"}],"wp:term":[{"taxonomy":"post_tag","embeddable":true,"href":"https:\/\/www.lancaster.ac.uk\/cuidar\/wp-json\/wp\/v2\/tags?post=3735"}],"curies":[{"name":"wp","href":"https:\/\/api.w.org\/{rel}","templated":true}]}}