{"id":645,"date":"2016-02-19T14:45:14","date_gmt":"2016-02-19T14:45:14","guid":{"rendered":"http:\/\/www.lancaster.ac.uk\/cuidar\/?page_id=645"},"modified":"2016-10-21T14:25:08","modified_gmt":"2016-10-21T14:25:08","slug":"about-us-italian","status":"publish","type":"page","link":"https:\/\/www.lancaster.ac.uk\/cuidar\/about-us-italian\/","title":{"rendered":"Il progetto"},"content":{"rendered":"<p><a href=\"https:\/\/i0.wp.com\/www.lancaster.ac.uk\/cuidar\/wp-content\/uploads\/2016\/10\/CUIDAR-03.jpg\"><img data-recalc-dims=\"1\" loading=\"lazy\" decoding=\"async\" data-attachment-id=\"1635\" data-permalink=\"https:\/\/www.lancaster.ac.uk\/cuidar\/about-us\/cuidar-03\/\" data-orig-file=\"https:\/\/i0.wp.com\/www.lancaster.ac.uk\/cuidar\/wp-content\/uploads\/2016\/10\/CUIDAR-03.jpg?fit=371%2C364&amp;ssl=1\" data-orig-size=\"371,364\" data-comments-opened=\"0\" data-image-meta=\"{&quot;aperture&quot;:&quot;0&quot;,&quot;credit&quot;:&quot;&quot;,&quot;camera&quot;:&quot;&quot;,&quot;caption&quot;:&quot;&quot;,&quot;created_timestamp&quot;:&quot;0&quot;,&quot;copyright&quot;:&quot;&quot;,&quot;focal_length&quot;:&quot;0&quot;,&quot;iso&quot;:&quot;0&quot;,&quot;shutter_speed&quot;:&quot;0&quot;,&quot;title&quot;:&quot;&quot;,&quot;orientation&quot;:&quot;0&quot;}\" data-image-title=\"cuidar-03\" data-image-description=\"\" data-image-caption=\"\" data-large-file=\"https:\/\/i0.wp.com\/www.lancaster.ac.uk\/cuidar\/wp-content\/uploads\/2016\/10\/CUIDAR-03.jpg?fit=371%2C364&amp;ssl=1\" class=\"wp-image-1635 alignnone\" src=\"https:\/\/i0.wp.com\/www.lancaster.ac.uk\/cuidar\/wp-content\/uploads\/2016\/10\/CUIDAR-03.jpg?resize=200%2C196\" alt=\"cuidar-03\" width=\"200\" height=\"196\" srcset=\"https:\/\/i0.wp.com\/www.lancaster.ac.uk\/cuidar\/wp-content\/uploads\/2016\/10\/CUIDAR-03.jpg?resize=300%2C294&amp;ssl=1 300w, https:\/\/i0.wp.com\/www.lancaster.ac.uk\/cuidar\/wp-content\/uploads\/2016\/10\/CUIDAR-03.jpg?resize=73%2C73&amp;ssl=1 73w, https:\/\/i0.wp.com\/www.lancaster.ac.uk\/cuidar\/wp-content\/uploads\/2016\/10\/CUIDAR-03.jpg?w=371&amp;ssl=1 371w\" sizes=\"auto, (max-width: 200px) 100vw, 200px\" \/><\/a>\u00a0\u00a0<a href=\"https:\/\/i0.wp.com\/www.lancaster.ac.uk\/cuidar\/wp-content\/uploads\/2016\/10\/CUIDAR-05.jpg\"><img data-recalc-dims=\"1\" loading=\"lazy\" decoding=\"async\" data-attachment-id=\"1637\" data-permalink=\"https:\/\/www.lancaster.ac.uk\/cuidar\/about-us\/cuidar-05\/\" data-orig-file=\"https:\/\/i0.wp.com\/www.lancaster.ac.uk\/cuidar\/wp-content\/uploads\/2016\/10\/CUIDAR-05.jpg?fit=367%2C365&amp;ssl=1\" data-orig-size=\"367,365\" data-comments-opened=\"0\" data-image-meta=\"{&quot;aperture&quot;:&quot;0&quot;,&quot;credit&quot;:&quot;&quot;,&quot;camera&quot;:&quot;&quot;,&quot;caption&quot;:&quot;&quot;,&quot;created_timestamp&quot;:&quot;0&quot;,&quot;copyright&quot;:&quot;&quot;,&quot;focal_length&quot;:&quot;0&quot;,&quot;iso&quot;:&quot;0&quot;,&quot;shutter_speed&quot;:&quot;0&quot;,&quot;title&quot;:&quot;&quot;,&quot;orientation&quot;:&quot;0&quot;}\" data-image-title=\"cuidar-05\" data-image-description=\"\" data-image-caption=\"\" data-large-file=\"https:\/\/i0.wp.com\/www.lancaster.ac.uk\/cuidar\/wp-content\/uploads\/2016\/10\/CUIDAR-05.jpg?fit=367%2C365&amp;ssl=1\" class=\"wp-image-1637 alignnone\" src=\"https:\/\/i0.wp.com\/www.lancaster.ac.uk\/cuidar\/wp-content\/uploads\/2016\/10\/CUIDAR-05.jpg?resize=200%2C199\" alt=\"cuidar-05\" width=\"200\" height=\"199\" srcset=\"https:\/\/i0.wp.com\/www.lancaster.ac.uk\/cuidar\/wp-content\/uploads\/2016\/10\/CUIDAR-05.jpg?resize=300%2C298&amp;ssl=1 300w, https:\/\/i0.wp.com\/www.lancaster.ac.uk\/cuidar\/wp-content\/uploads\/2016\/10\/CUIDAR-05.jpg?resize=150%2C150&amp;ssl=1 150w, https:\/\/i0.wp.com\/www.lancaster.ac.uk\/cuidar\/wp-content\/uploads\/2016\/10\/CUIDAR-05.jpg?resize=73%2C73&amp;ssl=1 73w, https:\/\/i0.wp.com\/www.lancaster.ac.uk\/cuidar\/wp-content\/uploads\/2016\/10\/CUIDAR-05.jpg?resize=174%2C174&amp;ssl=1 174w, https:\/\/i0.wp.com\/www.lancaster.ac.uk\/cuidar\/wp-content\/uploads\/2016\/10\/CUIDAR-05.jpg?resize=250%2C250&amp;ssl=1 250w, https:\/\/i0.wp.com\/www.lancaster.ac.uk\/cuidar\/wp-content\/uploads\/2016\/10\/CUIDAR-05.jpg?w=367&amp;ssl=1 367w\" sizes=\"auto, (max-width: 200px) 100vw, 200px\" \/><\/a>\u00a0\u00a0<a href=\"https:\/\/i0.wp.com\/www.lancaster.ac.uk\/cuidar\/wp-content\/uploads\/2016\/10\/CUIDAR-04.jpg\"><img data-recalc-dims=\"1\" loading=\"lazy\" decoding=\"async\" data-attachment-id=\"1636\" data-permalink=\"https:\/\/www.lancaster.ac.uk\/cuidar\/about-us\/cuidar-04\/\" data-orig-file=\"https:\/\/i0.wp.com\/www.lancaster.ac.uk\/cuidar\/wp-content\/uploads\/2016\/10\/CUIDAR-04.jpg?fit=368%2C367&amp;ssl=1\" data-orig-size=\"368,367\" data-comments-opened=\"0\" data-image-meta=\"{&quot;aperture&quot;:&quot;0&quot;,&quot;credit&quot;:&quot;&quot;,&quot;camera&quot;:&quot;&quot;,&quot;caption&quot;:&quot;&quot;,&quot;created_timestamp&quot;:&quot;0&quot;,&quot;copyright&quot;:&quot;&quot;,&quot;focal_length&quot;:&quot;0&quot;,&quot;iso&quot;:&quot;0&quot;,&quot;shutter_speed&quot;:&quot;0&quot;,&quot;title&quot;:&quot;&quot;,&quot;orientation&quot;:&quot;0&quot;}\" data-image-title=\"cuidar-04\" data-image-description=\"\" data-image-caption=\"\" data-large-file=\"https:\/\/i0.wp.com\/www.lancaster.ac.uk\/cuidar\/wp-content\/uploads\/2016\/10\/CUIDAR-04.jpg?fit=368%2C367&amp;ssl=1\" class=\"wp-image-1636 alignnone\" src=\"https:\/\/i0.wp.com\/www.lancaster.ac.uk\/cuidar\/wp-content\/uploads\/2016\/10\/CUIDAR-04.jpg?resize=200%2C200\" alt=\"cuidar-04\" width=\"200\" height=\"200\" srcset=\"https:\/\/i0.wp.com\/www.lancaster.ac.uk\/cuidar\/wp-content\/uploads\/2016\/10\/CUIDAR-04.jpg?resize=300%2C300&amp;ssl=1 300w, https:\/\/i0.wp.com\/www.lancaster.ac.uk\/cuidar\/wp-content\/uploads\/2016\/10\/CUIDAR-04.jpg?resize=150%2C150&amp;ssl=1 150w, https:\/\/i0.wp.com\/www.lancaster.ac.uk\/cuidar\/wp-content\/uploads\/2016\/10\/CUIDAR-04.jpg?resize=73%2C73&amp;ssl=1 73w, https:\/\/i0.wp.com\/www.lancaster.ac.uk\/cuidar\/wp-content\/uploads\/2016\/10\/CUIDAR-04.jpg?resize=174%2C174&amp;ssl=1 174w, https:\/\/i0.wp.com\/www.lancaster.ac.uk\/cuidar\/wp-content\/uploads\/2016\/10\/CUIDAR-04.jpg?resize=250%2C250&amp;ssl=1 250w, https:\/\/i0.wp.com\/www.lancaster.ac.uk\/cuidar\/wp-content\/uploads\/2016\/10\/CUIDAR-04.jpg?w=368&amp;ssl=1 368w\" sizes=\"auto, (max-width: 200px) 100vw, 200px\" \/><\/a>\u00a0\u00a0<a href=\"https:\/\/i0.wp.com\/www.lancaster.ac.uk\/cuidar\/wp-content\/uploads\/2016\/10\/CUIDAR-02.jpg\"><img data-recalc-dims=\"1\" loading=\"lazy\" decoding=\"async\" data-attachment-id=\"1634\" data-permalink=\"https:\/\/www.lancaster.ac.uk\/cuidar\/about-us\/cuidar-02\/\" data-orig-file=\"https:\/\/i0.wp.com\/www.lancaster.ac.uk\/cuidar\/wp-content\/uploads\/2016\/10\/CUIDAR-02.jpg?fit=372%2C366&amp;ssl=1\" data-orig-size=\"372,366\" data-comments-opened=\"0\" data-image-meta=\"{&quot;aperture&quot;:&quot;0&quot;,&quot;credit&quot;:&quot;&quot;,&quot;camera&quot;:&quot;&quot;,&quot;caption&quot;:&quot;&quot;,&quot;created_timestamp&quot;:&quot;0&quot;,&quot;copyright&quot;:&quot;&quot;,&quot;focal_length&quot;:&quot;0&quot;,&quot;iso&quot;:&quot;0&quot;,&quot;shutter_speed&quot;:&quot;0&quot;,&quot;title&quot;:&quot;&quot;,&quot;orientation&quot;:&quot;0&quot;}\" data-image-title=\"cuidar-02\" data-image-description=\"\" data-image-caption=\"\" data-large-file=\"https:\/\/i0.wp.com\/www.lancaster.ac.uk\/cuidar\/wp-content\/uploads\/2016\/10\/CUIDAR-02.jpg?fit=372%2C366&amp;ssl=1\" class=\"wp-image-1634 alignnone\" src=\"https:\/\/i0.wp.com\/www.lancaster.ac.uk\/cuidar\/wp-content\/uploads\/2016\/10\/CUIDAR-02.jpg?resize=200%2C197\" alt=\"cuidar-02\" width=\"200\" height=\"197\" srcset=\"https:\/\/i0.wp.com\/www.lancaster.ac.uk\/cuidar\/wp-content\/uploads\/2016\/10\/CUIDAR-02.jpg?resize=300%2C295&amp;ssl=1 300w, https:\/\/i0.wp.com\/www.lancaster.ac.uk\/cuidar\/wp-content\/uploads\/2016\/10\/CUIDAR-02.jpg?resize=73%2C73&amp;ssl=1 73w, https:\/\/i0.wp.com\/www.lancaster.ac.uk\/cuidar\/wp-content\/uploads\/2016\/10\/CUIDAR-02.jpg?w=372&amp;ssl=1 372w\" sizes=\"auto, (max-width: 200px) 100vw, 200px\" \/><\/a><\/p>\n<p>Sempre pi\u00f9 spesso nel mondo si assiste al verificarsi di situazioni di emergenza, quali catastrofi naturali o umanitarie. Il clima che cambia e un azione antropica intensa, hanno gi\u00e0 modificato i livelli di pericolo e di rischio di disastri, e si prevede che in Europa questa tendenza sia destinata a proseguire, impattando in modo diverso sulle comunit\u00e0 in base alla loro posizione geografica ed alla loro preparazione a rispondere agli eventi.<\/p>\n<p>La promozione di una cultura della prevenzione \u00e8 essenziale per una gestione efficace delle calamit\u00e0. Vari studi hanno dimostrato come nella gran parte dei piani di emergenza i bambini sono di fatto invisibili e le comunit\u00e0 colpite vengono considerate solo come vittime e non anche come risorse. Al di\u00a0l\u00e0 di poche eccezioni, infatti, i bambini e gli adolescenti non sono considerati come partecipanti\u00a0attivi nei processi decisionali di pianificazione, preparazione e risposta alle emergenze.<\/p>\n<p>Save the Children ha messo in evidenza come comprendere la prospettiva dei bambini ed adolescenti sia una parte vitale del processo di costruzione della resilienza. I bambini sono, a tutti gli effetti, membri della comunit\u00e0 e cittadini, e le loro potenzialit\u00e0 sono essenziali nel plasmare risposte pi\u00f9 efficaci durante le emergenze e i disastri, sia a livello locale che nazionale.<\/p>\n<p><a href=\"http:\/\/www.lancaster.ac.uk\/cuidar\/it\/obiettivi\/\">Gli obiettivi del progetto.<\/a><\/p>\n","protected":false},"excerpt":{"rendered":"<p>\u00a0\u00a0\u00a0\u00a0\u00a0\u00a0 Sempre pi\u00f9 spesso nel mondo si assiste al verificarsi di situazioni di emergenza, quali catastrofi naturali o umanitarie. Il clima che cambia e un azione antropica intensa, hanno gi\u00e0 modificato i livelli di pericolo e di rischio di disastri, e si prevede che in Europa questa tendenza sia destinata a proseguire, impattando in modo<a href=\"https:\/\/www.lancaster.ac.uk\/cuidar\/about-us-italian\/\">[&#8230;]<\/a><\/p>\n","protected":false},"author":2,"featured_media":11,"parent":0,"menu_order":0,"comment_status":"closed","ping_status":"closed","template":"","meta":{"jetpack_post_was_ever_published":false,"footnotes":""},"tags":[],"class_list":["post-645","page","type-page","status-publish","has-post-thumbnail","hentry"],"jetpack_sharing_enabled":true,"jetpack_shortlink":"https:\/\/wp.me\/P70rsT-ap","_links":{"self":[{"href":"https:\/\/www.lancaster.ac.uk\/cuidar\/wp-json\/wp\/v2\/pages\/645","targetHints":{"allow":["GET"]}}],"collection":[{"href":"https:\/\/www.lancaster.ac.uk\/cuidar\/wp-json\/wp\/v2\/pages"}],"about":[{"href":"https:\/\/www.lancaster.ac.uk\/cuidar\/wp-json\/wp\/v2\/types\/page"}],"author":[{"embeddable":true,"href":"https:\/\/www.lancaster.ac.uk\/cuidar\/wp-json\/wp\/v2\/users\/2"}],"replies":[{"embeddable":true,"href":"https:\/\/www.lancaster.ac.uk\/cuidar\/wp-json\/wp\/v2\/comments?post=645"}],"version-history":[{"count":8,"href":"https:\/\/www.lancaster.ac.uk\/cuidar\/wp-json\/wp\/v2\/pages\/645\/revisions"}],"predecessor-version":[{"id":1641,"href":"https:\/\/www.lancaster.ac.uk\/cuidar\/wp-json\/wp\/v2\/pages\/645\/revisions\/1641"}],"wp:featuredmedia":[{"embeddable":true,"href":"https:\/\/www.lancaster.ac.uk\/cuidar\/wp-json\/wp\/v2\/media\/11"}],"wp:attachment":[{"href":"https:\/\/www.lancaster.ac.uk\/cuidar\/wp-json\/wp\/v2\/media?parent=645"}],"wp:term":[{"taxonomy":"post_tag","embeddable":true,"href":"https:\/\/www.lancaster.ac.uk\/cuidar\/wp-json\/wp\/v2\/tags?post=645"}],"curies":[{"name":"wp","href":"https:\/\/api.w.org\/{rel}","templated":true}]}}