{"id":1748,"date":"2018-08-13T13:54:41","date_gmt":"2018-08-13T13:54:41","guid":{"rendered":"http:\/\/www.lancaster.ac.uk\/digging-ecm\/?page_id=1748"},"modified":"2018-08-15T12:28:29","modified_gmt":"2018-08-15T12:28:29","slug":"el-corpus","status":"publish","type":"page","link":"https:\/\/www.lancaster.ac.uk\/digging-ecm\/es\/el-corpus\/","title":{"rendered":"El Corpus y los conjuntos de datos"},"content":{"rendered":"<p><div class=\"fusion-fullwidth fullwidth-box fusion-builder-row-1 hundred-percent-fullwidth non-hundred-percent-height-scrolling\" style=\"--awb-border-radius-top-left:0px;--awb-border-radius-top-right:0px;--awb-border-radius-bottom-right:0px;--awb-border-radius-bottom-left:0px;--awb-padding-top:50px;--awb-padding-right:50px;--awb-padding-bottom:50px;--awb-padding-left:10%;--awb-background-color:#3c8494;--awb-flex-wrap:wrap;\" ><div class=\"fusion-builder-row fusion-row\"><div class=\"fusion-layout-column fusion_builder_column fusion-builder-column-0 fusion_builder_column_1_1 1_1 fusion-one-full fusion-column-first fusion-column-last\" style=\"--awb-bg-size:cover;\"><div class=\"fusion-column-wrapper fusion-flex-column-wrapper-legacy\"><div class=\"fusion-text fusion-text-1\"><h2 style=\"text-align: center; color: white;\"><strong>VE ALGUNOS DE LOS SITIOS QUE ESTAMOS IDENTIFICANDO <\/strong><\/h2>\n<p style=\"text-align: center; color: white;\"><strong>Haga clic en el panel lateral del mapa para m\u00e1s informaci\u00f3n <\/strong><\/p>\n<\/div><div class=\"fusion-clearfix\"><\/div><\/div><\/div><\/div><\/div><div class=\"fusion-fullwidth fullwidth-box fusion-builder-row-2 hundred-percent-fullwidth non-hundred-percent-height-scrolling\" style=\"--awb-border-radius-top-left:0px;--awb-border-radius-top-right:0px;--awb-border-radius-bottom-right:0px;--awb-border-radius-bottom-left:0px;--awb-padding-top:20px;--awb-padding-right:20px;--awb-padding-bottom:20px;--awb-padding-left:20px;--awb-flex-wrap:wrap;\" ><div class=\"fusion-builder-row fusion-row\"><div class=\"fusion-layout-column fusion_builder_column fusion-builder-column-1 fusion_builder_column_1_1 1_1 fusion-one-full fusion-column-first fusion-column-last\" style=\"--awb-padding-top:20px;--awb-padding-right:20px;--awb-padding-bottom:20px;--awb-padding-left:20px;--awb-bg-color:#000000;--awb-bg-color-hover:#000000;--awb-bg-size:cover;\"><div class=\"fusion-column-wrapper fusion-flex-column-wrapper-legacy\"><div class=\"fusion-text fusion-text-2\"><style>.embed-container {position: relative; padding-bottom: 80%; height: 0; max-width: 100%;} .embed-container iframe, .embed-container object, .embed-container iframe{position: absolute; top: 0; left: 0; width: 100%; height: 100%;} small{position: absolute; z-index: 40; bottom: 0; margin-bottom: -15px;}<\/style>\n<div class=\"embed-container\"><iframe title=\"XVI Century placenames\" src=\"\/\/lancasteruni.maps.arcgis.com\/apps\/Embed\/index.html?webmap=20789f4720044347813ba93fb2f72f61&amp;extent=-116.4345,14.2038,-83.9809,31.0182&amp;home=true&amp;zoom=true&amp;previewImage=true&amp;scale=true&amp;search=true&amp;searchextent=true&amp;details=true&amp;disable_scroll=true&amp;theme=light\" width=\"500\" height=\"400\" frameborder=\"0\" marginwidth=\"0\" marginheight=\"0\" scrolling=\"no\"><\/iframe><\/div>\n<\/div><div class=\"fusion-clearfix\"><\/div><\/div><\/div><\/div><\/div><div class=\"fusion-fullwidth fullwidth-box fusion-builder-row-3 hundred-percent-fullwidth non-hundred-percent-height-scrolling\" style=\"--awb-border-radius-top-left:0px;--awb-border-radius-top-right:0px;--awb-border-radius-bottom-right:0px;--awb-border-radius-bottom-left:0px;--awb-padding-top:20px;--awb-padding-right:10%;--awb-padding-bottom:20px;--awb-padding-left:10%;--awb-flex-wrap:wrap;\" ><div class=\"fusion-builder-row fusion-row\"><div class=\"fusion-layout-column fusion_builder_column fusion-builder-column-2 fusion_builder_column_1_6 1_6 fusion-one-sixth fusion-column-first fusion-no-small-visibility\" style=\"--awb-bg-size:cover;width:16.666666666667%;width:calc(16.666666666667% - ( ( 4% + 4% ) * 0.16666666666667 ) );margin-right: 4%;\"><div class=\"fusion-column-wrapper fusion-flex-column-wrapper-legacy\"><div class=\"fusion-sep-clear\"><\/div><div class=\"fusion-separator fusion-full-width-sep\" style=\"margin-left: auto;margin-right: auto;width:100%;\"><\/div><div class=\"fusion-sep-clear\"><\/div><div class=\"fusion-clearfix\"><\/div><\/div><\/div><div class=\"fusion-layout-column fusion_builder_column fusion-builder-column-3 fusion_builder_column_2_3 2_3 fusion-two-third\" style=\"--awb-bg-size:cover;width:66.666666666667%;width:calc(66.666666666667% - ( ( 4% + 4% ) * 0.66666666666667 ) );margin-right: 4%;\"><div class=\"fusion-column-wrapper fusion-flex-column-wrapper-legacy\"><div class=\"fusion-text fusion-text-3\"><h2 style=\"text-align: center;\">EL CORPUS<\/h2>\n<\/div><div class=\"fusion-sep-clear\"><\/div><div class=\"fusion-separator\" style=\"margin-left: auto;margin-right: auto;margin-bottom:40px;width:100%;max-width:200px;\"><div class=\"fusion-separator-border sep-single sep-solid\" style=\"--awb-height:20px;--awb-amount:20px;--awb-sep-color:#fec96b;border-color:#fec96b;border-top-width:3px;\"><\/div><\/div><div class=\"fusion-sep-clear\"><\/div><div class=\"fusion-text fusion-text-4\"><p style=\"text-align: center; font-size: 24px; font-weight: 300;\">Las Relaciones Geogr\u00e1ficas de Nueva Espa\u00f1a<\/p>\n<\/div><div class=\"fusion-clearfix\"><\/div><\/div><\/div><div class=\"fusion-layout-column fusion_builder_column fusion-builder-column-4 fusion_builder_column_1_6 1_6 fusion-one-sixth fusion-column-last fusion-no-small-visibility\" style=\"--awb-bg-size:cover;width:16.666666666667%;width:calc(16.666666666667% - ( ( 4% + 4% ) * 0.16666666666667 ) );\"><div class=\"fusion-column-wrapper fusion-flex-column-wrapper-legacy\"><div class=\"fusion-sep-clear\"><\/div><div class=\"fusion-separator fusion-full-width-sep\" style=\"margin-left: auto;margin-right: auto;width:100%;\"><\/div><div class=\"fusion-sep-clear\"><\/div><div class=\"fusion-clearfix\"><\/div><\/div><\/div><\/div><\/div><div class=\"fusion-fullwidth fullwidth-box fusion-builder-row-4 hundred-percent-fullwidth non-hundred-percent-height-scrolling\" style=\"--awb-border-radius-top-left:0px;--awb-border-radius-top-right:0px;--awb-border-radius-bottom-right:0px;--awb-border-radius-bottom-left:0px;--awb-flex-wrap:wrap;\" ><div class=\"fusion-builder-row fusion-row\"><div class=\"fusion-layout-column fusion_builder_column fusion-builder-column-5 fusion_builder_column_1_1 1_1 fusion-one-full fusion-column-first fusion-column-last\" style=\"--awb-padding-top:20px;--awb-padding-right:10%;--awb-padding-bottom:20px;--awb-padding-left:10%;--awb-bg-size:cover;\"><div class=\"fusion-column-wrapper fusion-flex-column-wrapper-legacy\"><div class=\"fusion-text fusion-text-5\"><p>La informaci\u00f3n contenida en las Relaciones Geogr\u00e1ficas constituye una de las fuentes de conocimiento m\u00e1s importantes para el estudio de la vida prehisp\u00e1nica (particularmente el per\u00edodo Poscl\u00e1sico) y colonial en Am\u00e9rica. La gran extensi\u00f3n de la fuente original tiene en muchos aspectos un acceso restringido debido a la variedad y la complejidad de la informaci\u00f3n. Por ello, la utilizaci\u00f3n de t\u00e9cnicas computacionales ofrece un enfoque \u00fanico para el estudio de estos escritos, mejorando enormente el acceso a la misma.<\/p>\n<p>Nuestro corpus est\u00e1 formado en gran parte por las ediciones completas de Ren\u00e9 Acu\u00f1a, recientemente digitalizadas y puestas a libre disposici\u00f3n por el <strong><a href=\"http:\/\/www.iia.unam.mx\/\">Instituto de Investigaciones Antropol\u00f3gicas<\/a><\/strong>. Acu\u00f1a compil\u00f3 la mayor\u00eda de las <em><strong><a href=\"http:\/\/ru.iia.unam.mx:8080\/handle\/10684\/96\">Relaciones Geogr\u00e1ficas del Siglo XVI<\/a><\/strong><\/em> y las public\u00f3 en las siguientes ediciones:<\/p>\n<ul>\n<li><strong><a href=\"http:\/\/ru.iia.unam.mx:8080\/handle\/10684\/96\">Relaciones Geogr\u00e1ficas del siglo XVI: Guatemala<\/a><\/strong><\/li>\n<li><strong><a href=\"http:\/\/ru.iia.unam.mx:8080\/handle\/10684\/71\">Relaciones Geogr\u00e1ficas del siglo XVI: Antequera, tomo primero<\/a><\/strong><\/li>\n<li><strong><a href=\"http:\/\/ru.iia.unam.mx:8080\/handle\/10684\/95\">Relaciones Geogr\u00e1ficas del siglo XVI: Antequera, tomo segundo<\/a><\/strong><\/li>\n<li><strong><a href=\"http:\/\/ru.iia.unam.mx:8080\/handle\/10684\/101\">Relaciones Geogr\u00e1ficas del siglo XVI: Tlaxcala, tomo primero<\/a><\/strong><\/li>\n<li><strong><a href=\"http:\/\/ru.iia.unam.mx:8080\/handle\/10684\/102\">Relaciones Geogr\u00e1ficas del siglo XVI: Tlaxcala, tomo segundo<\/a><\/strong><\/li>\n<li><strong><a href=\"http:\/\/ru.iia.unam.mx:8080\/handle\/10684\/97\">Relaciones Geogr\u00e1ficas del siglo XVI: M\u00e9xico, tomo primero<\/a><\/strong><\/li>\n<li><strong><a href=\"http:\/\/ru.iia.unam.mx:8080\/handle\/10684\/98\">Relaciones Geogr\u00e1ficas del siglo XVI: M\u00e9xico, tomo segundo<\/a><\/strong><\/li>\n<li><strong><a href=\"http:\/\/ru.iia.unam.mx:8080\/handle\/10684\/99\">Relaciones Geogr\u00e1ficas del siglo XVI: M\u00e9xico, tomo tercero<\/a><\/strong><\/li>\n<li><strong><a href=\"http:\/\/ru.iia.unam.mx:8080\/handle\/10684\/78\">Relaciones Geogr\u00e1ficas del siglo XVI: Michoac\u00e1n<\/a><\/strong><\/li>\n<li><strong><a href=\"http:\/\/ru.iia.unam.mx:8080\/handle\/10684\/100\">Relaciones Geogr\u00e1ficas del siglo XVI: Nueva Galicia<\/a><\/strong><\/li>\n<\/ul>\n<p>Las ediciones de Ren\u00e9 Acu\u00f1a, sin embargo, omiten la provincia de Yucat\u00e1n. Regi\u00f3n para la que estamos utilizando las <em><strong><a href=\"http:\/\/www.libros.unam.mx\/relaciones-historico-geograficas-de-la-gobernacion-de-yucatan-merida-valladolid-y-tabasco-9789685806251-libro.html\">Relaciones Hist\u00f3rico-geogr\u00e1ficas de la Gobernaci\u00f3n de Yucat\u00e1n<\/a> <\/strong><\/em>de Mercedes de la Garza para complementar el trabajo de Acu\u00f1a.<\/p>\n<p>Adem\u00e1s, nuestra investigaci\u00f3n se fundamenta en los siguientes recursos para cubrir un aspectro m\u00e1s amplio:<\/p>\n<p><strong><a href=\"https:\/\/archive.org\/search.php?query=creator%3A%22Francisco+del+Paso+y+Troncoso%22\">Paso y Troncoso, F. del., (1905)\u00a0<em>Papeles de Nueva Espa\u00f1a. Segunda Serie Geografica y Estad\u00edstica<\/em>,\u00a0Madrid: Establecimiento Tipogr\u00e1fico Sucesores de Rivadeneyra.<\/a><\/strong><\/p>\n<p>Esta colecci\u00f3n abarca las relaciones geogr\u00e1ficas compiladas durante el siglo XVI a partir de la informaci\u00f3n de diversas di\u00f3cesis y archiepiscopados de la regi\u00f3n de M\u00e9xico. Los datos fueron editados y transcritos por Francisco del Paso y Troncoso, y aunque originalmente se planearon 8 vol\u00famenes, tan solo se publicaron 6 en 1905.<\/p>\n<ul>\n<li><strong><a href=\"https:\/\/archive.org\/details\/papelesdenuevae00trongoog\">Volume I:\u00a0<em>Suma de visitas de pueblos de Nueva Espa\u00f1a, manuscrito de la Biblioteca Nacional de Madrid, por orden alfab\u00e9tico.<\/em><\/a><\/strong><\/li>\n<li><strong><a href=\"https:\/\/archive.org\/details\/papelesdenuevae03trongoog\">Volume III:\u00a0<em>Relaciones Geogr\u00e1ficas del Arzobispado de M\u00e9xico, a\u00f1o de 1571.<\/em><\/a><\/strong><\/li>\n<li><strong><a href=\"https:\/\/archive.org\/details\/papelesdenuevae03trongoog\">Volume IV:\u00a0<em>Relaciones Geogr\u00e1ficas de la Di\u00f3cesis de Oaxaca, 1579-1581.<\/em><\/a><\/strong><\/li>\n<li><strong><a href=\"https:\/\/archive.org\/details\/papelesdenuevae01trongoog\">Volume V:\u00a0<em>Relaciones Geogr\u00e1ficas de la Di\u00f3cesis de Tlaxcala, a\u00f1os de 1580-1582.<\/em><\/a><\/strong><\/li>\n<li><strong><a href=\"https:\/\/archive.org\/details\/papelesdenuevae01trongoog\">Volume VI:\u00a0<em>Relaciones Geogr\u00e1ficas de la Di\u00f3cesis de M\u00e9xico, a\u00f1os de 1579-1582.<\/em><\/a><\/strong><\/li>\n<li><strong><a href=\"https:\/\/archive.org\/details\/papelesdenuevae02trongoog\">Volume VII:\u00a0<em>Relaciones Geogr\u00e1ficas de la Di\u00f3cesis de M\u00e9xico y de Michoac\u00e1n<\/em><\/a><\/strong><\/li>\n<\/ul>\n<p><strong><a href=\"https:\/\/archive.org\/search.php?query=title%3A%28Colecci%C3%B3n%20de%20documentos%29%20AND%20creator%3A%28Real%20Academia%20de%20la%20Historia%20%29\">Real Academia de la Historia (1900)\u00a0<em>Colecci\u00f3n de Documentos In\u00e9ditos de las Posesiones de Espa\u00f1a en Ultramar<\/em>. Segunda Serie. Madrid: Establecimiento Tipogr\u00e1fico Sucesores de Rivadeneyra.<\/a><\/strong><\/p>\n<p>Esta amplia compilaci\u00f3n de diversas fuentes hist\u00f3ricas se conserva en el Archivo General de Indias, en Sevilla, Espa\u00f1a. Los vol\u00famenes elegidos incluyen una importante gama de documentos con informaci\u00f3n que aborda asuntos geogr\u00e1ficos, legislativos y pol\u00edticos, entre otros.<\/p>\n<ul>\n<li>Volumen 5: <em>Documentos legislativos.<\/em><\/li>\n<li>Vol\u00famenes 9-10: <em>Documentos legislativos.<\/em><\/li>\n<li>Vol\u00famenes 11 y 13: <em>Relaciones de Yucat\u00e1n.<\/em><\/li>\n<li>Vol\u00famenes 14 a 19: <em>\u00cdndice general de los papeles del consejo de Indias.<\/em><\/li>\n<li>Vol\u00famenes 20 a 25: <em>Gobernaci\u00f3n espiritual y temporal de las Indias.<\/em><\/li>\n<\/ul>\n<p>Este corpus consta de m\u00e1s de 2.8 millones de palabras y miles de p\u00e1ginas, cuyas versiones digitalizadas est\u00e1n disponibles a trav\u00e9s de <strong><a href=\"https:\/\/www.europeana.eu\/portal\/en\">Europeana<\/a>\u00a0|\u00a0<a href=\"https:\/\/books.google.co.uk\/\">Google Books<\/a>\u00a0|\u00a0<a href=\"https:\/\/archive.org\/\">Internet Archive<\/a>.<\/strong><\/p>\n<\/div><div class=\"fusion-clearfix\"><\/div><\/div><\/div><\/div><\/div><div class=\"fusion-bg-parallax\" data-bg-align=\"center center\" data-direction=\"up\" data-mute=\"false\" data-opacity=\"100\" data-velocity=\"-0.3\" data-mobile-enabled=\"false\" data-break_parents=\"0\" data-bg-image=\"http:\/\/www.lancaster.ac.uk\/digging-ecm\/wp-content\/uploads\/2018\/05\/Datasets-Tools2.png\" data-bg-repeat=\"false\" ><\/div><div class=\"fusion-fullwidth fullwidth-box fusion-builder-row-5 fusion-parallax-up nonhundred-percent-fullwidth non-hundred-percent-height-scrolling\" style=\"--awb-border-radius-top-left:0px;--awb-border-radius-top-right:0px;--awb-border-radius-bottom-right:0px;--awb-border-radius-bottom-left:0px;--awb-padding-top:100px;--awb-padding-right:10%;--awb-padding-bottom:100px;--awb-padding-left:10%;--awb-background-image:url(&quot;http:\/\/www.lancaster.ac.uk\/digging-ecm\/wp-content\/uploads\/2018\/05\/Datasets-Tools2.png&quot;);--awb-background-size:cover;--awb-flex-wrap:wrap;\" ><div class=\"fusion-builder-row fusion-row\"><div class=\"fusion-layout-column fusion_builder_column fusion-builder-column-6 fusion_builder_column_1_6 1_6 fusion-one-sixth fusion-column-first\" style=\"--awb-bg-size:cover;width:16.666666666667%;width:calc(16.666666666667% - ( ( 4% + 4% ) * 0.16666666666667 ) );margin-right: 4%;\"><div class=\"fusion-column-wrapper fusion-flex-column-wrapper-legacy\"><div class=\"fusion-clearfix\"><\/div><\/div><\/div><div class=\"fusion-layout-column fusion_builder_column fusion-builder-column-7 fusion_builder_column_2_3 2_3 fusion-two-third\" style=\"--awb-bg-size:cover;width:66.666666666667%;width:calc(66.666666666667% - ( ( 4% + 4% ) * 0.66666666666667 ) );margin-right: 4%;\"><div class=\"fusion-column-wrapper fusion-flex-column-wrapper-legacy\"><div class=\"fusion-sep-clear\"><\/div><div class=\"fusion-separator fusion-full-width-sep\" style=\"margin-left: auto;margin-right: auto;width:100%;\"><\/div><div class=\"fusion-sep-clear\"><\/div><div class=\"fusion-text fusion-text-6\"><h2 style=\"text-align: center; color: white;\">CONJUNTOS DE DATOS, HERRAMIENTAS &amp; FORMACI\u00d3N<\/h2>\n<\/div><div class=\"fusion-sep-clear\"><\/div><div class=\"fusion-separator\" style=\"margin-left: auto;margin-right: auto;margin-bottom:40px;width:100%;max-width:200px;\"><div class=\"fusion-separator-border sep-single sep-solid\" style=\"--awb-height:20px;--awb-amount:20px;--awb-sep-color:#fec96b;border-color:#fec96b;border-top-width:3px;\"><\/div><\/div><div class=\"fusion-sep-clear\"><\/div><div class=\"fusion-text fusion-text-7\"><p style=\"text-align: center; font-size: 24px; font-weight: 300; color: white;\">Creando recursos para futuras investigaciones<\/p>\n<\/div><div class=\"fusion-clearfix\"><\/div><\/div><\/div><div class=\"fusion-layout-column fusion_builder_column fusion-builder-column-8 fusion_builder_column_1_6 1_6 fusion-one-sixth fusion-column-last\" style=\"--awb-bg-size:cover;width:16.666666666667%;width:calc(16.666666666667% - ( ( 4% + 4% ) * 0.16666666666667 ) );\"><div class=\"fusion-column-wrapper fusion-flex-column-wrapper-legacy\"><div class=\"fusion-clearfix\"><\/div><\/div><\/div><div class=\"fusion-layout-column fusion_builder_column fusion-builder-column-9 fusion_builder_column_1_1 1_1 fusion-one-full fusion-column-first fusion-column-last\" style=\"--awb-bg-size:cover;\"><div class=\"fusion-column-wrapper fusion-flex-column-wrapper-legacy\"><div class=\"fusion-content-boxes content-boxes columns row fusion-columns-3 fusion-columns-total-3 fusion-content-boxes-1 content-boxes-icon-on-top content-left\" style=\"--awb-body-color:#ffffff;--awb-iconcolor:#fec96b;--awb-hover-accent-color:#ffffff;--awb-circle-hover-accent-color:transparent;\" data-animationOffset=\"top-into-view\"><div style=\"--awb-backgroundcolor:rgba(255,255,255,0);--awb-iconcolor:#fec96b;\" class=\"fusion-column content-box-column content-box-column content-box-column-1 col-lg-4 col-md-4 col-sm-4 fusion-content-box-hover content-box-column-first-in-row\"><div class=\"col content-box-wrapper content-wrapper link-area-link-icon icon-hover-animation-fade\" data-animationOffset=\"top-into-view\"><div class=\"heading heading-with-icon icon-left\"><div class=\"icon\"><i style=\"background-color:transparent;border-color:transparent;height:auto;width: 70px;line-height:normal;font-size:70px;\" aria-hidden=\"true\" class=\"fontawesome-icon fa-briefcase fas circle-no\"><\/i><\/div><h2 class=\"content-box-heading\" style=\"--h2_typography-font-size:23px;line-height:28px;\">Herramientas<\/h2><\/div><div class=\"fusion-clearfix\"><\/div><div class=\"content-container\">\n<p style=\"text-align: center;\">El proyecto est\u00e1 desarrollando diferentes herramientas para la anotaci\u00f3n y el geoparsing de textos hist\u00f3ricos, relacionados con el An\u00e1lisis Geogr\u00e1fico de Textos. Nuestro objetivo es permitir el acceso a las herramientas y el c\u00f3digo de forma libre tan pronto como los completemos o finalice el proyecto.<\/p>\n<\/div><\/div><\/div><div style=\"--awb-backgroundcolor:rgba(255,255,255,0);--awb-iconcolor:#fec96b;\" class=\"fusion-column content-box-column content-box-column content-box-column-2 col-lg-4 col-md-4 col-sm-4 fusion-content-box-hover \"><div class=\"col content-box-wrapper content-wrapper link-area-link-icon icon-hover-animation-fade\" data-animationOffset=\"top-into-view\"><div class=\"heading heading-with-icon icon-left\"><div class=\"icon\"><i style=\"background-color:transparent;border-color:transparent;height:auto;width: 70px;line-height:normal;font-size:70px;\" aria-hidden=\"true\" class=\"fontawesome-icon fa-code fas circle-no\"><\/i><\/div><h2 class=\"content-box-heading\" style=\"--h2_typography-font-size:23px;line-height:28px;\">Conjuntos de datos<\/h2><\/div><div class=\"fusion-clearfix\"><\/div><div class=\"content-container\">\n<p style=\"text-align: center;\">Todos los recursos y c\u00f3digos generados dentro del proyecto se almacenar\u00e1n en un repositorio colaborativo abierto (GitHub). Los conjuntos de datos y otros resultados de investigaci\u00f3n se almacenar\u00e1n en el <a href=\"http:\/\/wp.lancs.ac.uk\/dighum\/\">Centro de Humanidades Digitales<\/a> de la Universidad de Lancaster y el <a href=\"http:\/\/www.templomayor.inah.gob.mx\/\">Museo del Templo Mayor<\/a> de M\u00e9xico. Los corpora anotados ser\u00e1n \u201cdevueltos\u201d a la <a href=\"https:\/\/www.unam.mx\/\">UNAM<\/a>, al <a href=\"https:\/\/archive.org\/\">Internet Archive<\/a> y a <a href=\"http:\/\/www.europeana.eu\">Europeana<\/a>.<\/p>\n<\/div><\/div><\/div><div style=\"--awb-backgroundcolor:rgba(255,255,255,0);--awb-iconcolor:#fec96b;\" class=\"fusion-column content-box-column content-box-column content-box-column-3 col-lg-4 col-md-4 col-sm-4 fusion-content-box-hover content-box-column-last content-box-column-last-in-row\"><div class=\"col content-box-wrapper content-wrapper link-area-link-icon icon-hover-animation-fade\" data-animationOffset=\"top-into-view\"><div class=\"heading heading-with-icon icon-left\"><div class=\"icon\"><i style=\"background-color:transparent;border-color:transparent;height:auto;width: 70px;line-height:normal;font-size:70px;\" aria-hidden=\"true\" class=\"fontawesome-icon fa-react fab circle-no\"><\/i><\/div><h2 class=\"content-box-heading\" style=\"--h2_typography-font-size:23px;line-height:28px;\">Formaci\u00f3n<\/h2><\/div><div class=\"fusion-clearfix\"><\/div><div class=\"content-container\">\n<p style=\"text-align: center;\">Impartiremos una serie de cursos cortos, seminarios locales y talleres para expertos. Tambi\u00e9n ofrecemos dos cursos cada a\u00f1o: un <a href=\"http:\/\/wp.lancs.ac.uk\/dighum\/sh2018\/\">Taller sobre Humanidades Digitales<\/a> celebrado en Lancaster, y una <a href=\"http:\/\/lxmls.it.pt\/2018\/\">Escuela de Verano sobre NLP y Machine Learning<\/a> que tendr\u00e1 lugar en Lisboa. Adem\u00e1s, nuestro equipo de M\u00e9xico organizar\u00e1 una conferencia y un taller centrados en los enfoques computacionales de textos hist\u00f3ricos durante el segundo a\u00f1o.<\/p>\n<\/div><\/div><\/div><div class=\"fusion-clearfix\"><\/div><\/div><div class=\"fusion-clearfix\"><\/div><\/div><\/div><\/div><\/div><\/p>\n","protected":false},"excerpt":{"rendered":"","protected":false},"author":7,"featured_media":0,"parent":0,"menu_order":0,"comment_status":"closed","ping_status":"closed","template":"100-width.php","meta":{"_acf_changed":false,"footnotes":""},"class_list":["post-1748","page","type-page","status-publish","hentry"],"acf":[],"_links":{"self":[{"href":"https:\/\/www.lancaster.ac.uk\/digging-ecm\/wp-json\/wp\/v2\/pages\/1748","targetHints":{"allow":["GET"]}}],"collection":[{"href":"https:\/\/www.lancaster.ac.uk\/digging-ecm\/wp-json\/wp\/v2\/pages"}],"about":[{"href":"https:\/\/www.lancaster.ac.uk\/digging-ecm\/wp-json\/wp\/v2\/types\/page"}],"author":[{"embeddable":true,"href":"https:\/\/www.lancaster.ac.uk\/digging-ecm\/wp-json\/wp\/v2\/users\/7"}],"replies":[{"embeddable":true,"href":"https:\/\/www.lancaster.ac.uk\/digging-ecm\/wp-json\/wp\/v2\/comments?post=1748"}],"version-history":[{"count":10,"href":"https:\/\/www.lancaster.ac.uk\/digging-ecm\/wp-json\/wp\/v2\/pages\/1748\/revisions"}],"predecessor-version":[{"id":1838,"href":"https:\/\/www.lancaster.ac.uk\/digging-ecm\/wp-json\/wp\/v2\/pages\/1748\/revisions\/1838"}],"wp:attachment":[{"href":"https:\/\/www.lancaster.ac.uk\/digging-ecm\/wp-json\/wp\/v2\/media?parent=1748"}],"curies":[{"name":"wp","href":"https:\/\/api.w.org\/{rel}","templated":true}]}}