{"id":5282,"date":"2022-04-15T15:04:03","date_gmt":"2022-04-15T15:04:03","guid":{"rendered":"https:\/\/www.lancaster.ac.uk\/great\/?page_id=5282"},"modified":"2024-05-11T00:34:52","modified_gmt":"2024-05-11T00:34:52","slug":"conceptos-clave-en-cali","status":"publish","type":"page","link":"https:\/\/www.lancaster.ac.uk\/great\/es\/ciudades\/cali-espanol\/conceptos-clave-en-cali\/","title":{"rendered":"Conceptos clave en Cali"},"content":{"rendered":"\t\t<div data-elementor-type=\"wp-page\" data-elementor-id=\"5282\" class=\"elementor elementor-5282\">\n\t\t\t\t\t\t<section class=\"elementor-section elementor-top-section elementor-element elementor-element-e92485d elementor-section-boxed elementor-section-height-default elementor-section-height-default\" data-id=\"e92485d\" data-element_type=\"section\" data-e-type=\"section\" data-settings=\"{&quot;background_background&quot;:&quot;classic&quot;}\">\n\t\t\t\t\t\t\t<div class=\"elementor-background-overlay\"><\/div>\n\t\t\t\t\t\t\t<div class=\"elementor-container elementor-column-gap-default\">\n\t\t\t\t\t<div class=\"elementor-column elementor-col-100 elementor-top-column elementor-element elementor-element-f37bcdd\" data-id=\"f37bcdd\" data-element_type=\"column\" data-e-type=\"column\">\n\t\t\t<div class=\"elementor-widget-wrap elementor-element-populated\">\n\t\t\t\t\t\t<div class=\"elementor-element elementor-element-d65f999 elementor-widget elementor-widget-spacer\" data-id=\"d65f999\" data-element_type=\"widget\" data-e-type=\"widget\" data-widget_type=\"spacer.default\">\n\t\t\t\t<div class=\"elementor-widget-container\">\n\t\t\t\t\t\t\t<div class=\"elementor-spacer\">\n\t\t\t<div class=\"elementor-spacer-inner\"><\/div>\n\t\t<\/div>\n\t\t\t\t\t\t<\/div>\n\t\t\t\t<\/div>\n\t\t\t\t<div class=\"elementor-element elementor-element-05e6ef9 elementor-widget elementor-widget-heading\" data-id=\"05e6ef9\" data-element_type=\"widget\" data-e-type=\"widget\" data-widget_type=\"heading.default\">\n\t\t\t\t<div class=\"elementor-widget-container\">\n\t\t\t\t\t<h2 class=\"elementor-heading-title elementor-size-default\">Conceptos clave en Cali<\/h2>\t\t\t\t<\/div>\n\t\t\t\t<\/div>\n\t\t\t\t<div class=\"elementor-element elementor-element-79fb0d5 elementor-widget elementor-widget-spacer\" data-id=\"79fb0d5\" data-element_type=\"widget\" data-e-type=\"widget\" data-widget_type=\"spacer.default\">\n\t\t\t\t<div class=\"elementor-widget-container\">\n\t\t\t\t\t\t\t<div class=\"elementor-spacer\">\n\t\t\t<div class=\"elementor-spacer-inner\"><\/div>\n\t\t<\/div>\n\t\t\t\t\t\t<\/div>\n\t\t\t\t<\/div>\n\t\t\t\t\t<\/div>\n\t\t<\/div>\n\t\t\t\t\t<\/div>\n\t\t<\/section>\n\t\t<div class=\"elementor-element elementor-element-4caca4c e-flex e-con-boxed e-con e-parent\" data-id=\"4caca4c\" data-element_type=\"container\" data-e-type=\"container\">\n\t\t\t\t\t<div class=\"e-con-inner\">\n\t\t\t\t<div class=\"elementor-element elementor-element-7133d8b e-n-tabs-mobile elementor-widget elementor-widget-n-tabs\" data-id=\"7133d8b\" data-element_type=\"widget\" data-e-type=\"widget\" data-settings=\"{&quot;horizontal_scroll&quot;:&quot;disable&quot;}\" data-widget_type=\"nested-tabs.default\">\n\t\t\t\t<div class=\"elementor-widget-container\">\n\t\t\t\t\t\t\t<div class=\"e-n-tabs\" data-widget-number=\"118701451\" aria-label=\"Pesta\u00f1as. Abre elementos con Intro o Espacio, ci\u00e9rralos con Escape y navega con las fechas.\">\n\t\t\t<div class=\"e-n-tabs-heading\" role=\"tablist\">\n\t\t\t\t\t<button id=\"e-n-tab-title-1187014511\" data-tab-title-id=\"e-n-tab-title-1187014511\" class=\"e-n-tab-title\" aria-selected=\"true\" data-tab-index=\"1\" role=\"tab\" tabindex=\"0\" aria-controls=\"e-n-tab-content-1187014511\" style=\"--n-tabs-title-order: 1;\">\n\t\t\t\t\t\t<span class=\"e-n-tab-title-text\">\n\t\t\t\tTransiciones\t\t\t<\/span>\n\t\t<\/button>\n\t\t\t\t<button id=\"e-n-tab-title-1187014512\" data-tab-title-id=\"e-n-tab-title-1187014512\" class=\"e-n-tab-title\" aria-selected=\"false\" data-tab-index=\"2\" role=\"tab\" tabindex=\"-1\" aria-controls=\"e-n-tab-content-1187014512\" style=\"--n-tabs-title-order: 2;\">\n\t\t\t\t\t\t<span class=\"e-n-tab-title-text\">\n\t\t\t\tInterseccionalidad\t\t\t<\/span>\n\t\t<\/button>\n\t\t\t\t<button id=\"e-n-tab-title-1187014513\" data-tab-title-id=\"e-n-tab-title-1187014513\" class=\"e-n-tab-title\" aria-selected=\"false\" data-tab-index=\"3\" role=\"tab\" tabindex=\"-1\" aria-controls=\"e-n-tab-content-1187014513\" style=\"--n-tabs-title-order: 3;\">\n\t\t\t\t\t\t<span class=\"e-n-tab-title-text\">\n\t\t\t\tImaginarios de Cambio\t\t\t<\/span>\n\t\t<\/button>\n\t\t\t\t\t<\/div>\n\t\t\t<div class=\"e-n-tabs-content\">\n\t\t\t\t<div id=\"e-n-tab-content-1187014511\" role=\"tabpanel\" aria-labelledby=\"e-n-tab-title-1187014511\" data-tab-index=\"1\" style=\"--n-tabs-title-order: 1;\" class=\"e-active elementor-element elementor-element-53b6110 e-flex e-con-boxed e-con e-child\" data-id=\"53b6110\" data-element_type=\"container\" data-e-type=\"container\">\n\t\t\t\t\t<div class=\"e-con-inner\">\n\t\t<div class=\"elementor-element elementor-element-3e08703 e-flex e-con-boxed e-con e-child\" data-id=\"3e08703\" data-element_type=\"container\" data-e-type=\"container\">\n\t\t\t\t\t<div class=\"e-con-inner\">\n\t\t\t\t<div class=\"elementor-element elementor-element-946467f elementor-widget elementor-widget-spacer\" data-id=\"946467f\" data-element_type=\"widget\" data-e-type=\"widget\" data-widget_type=\"spacer.default\">\n\t\t\t\t<div class=\"elementor-widget-container\">\n\t\t\t\t\t\t\t<div class=\"elementor-spacer\">\n\t\t\t<div class=\"elementor-spacer-inner\"><\/div>\n\t\t<\/div>\n\t\t\t\t\t\t<\/div>\n\t\t\t\t<\/div>\n\t\t<div class=\"elementor-element elementor-element-ef8e208 e-flex e-con-boxed e-con e-child\" data-id=\"ef8e208\" data-element_type=\"container\" data-e-type=\"container\">\n\t\t\t\t\t<div class=\"e-con-inner\">\n\t\t<div class=\"elementor-element elementor-element-db85c14 e-con-full e-flex e-con e-child\" data-id=\"db85c14\" data-element_type=\"container\" data-e-type=\"container\">\n\t\t<div class=\"elementor-element elementor-element-0ef3247 e-con-full e-flex e-con e-child\" data-id=\"0ef3247\" data-element_type=\"container\" data-e-type=\"container\">\n\t\t\t\t<div class=\"elementor-element elementor-element-d3b86c0 elementor-widget elementor-widget-spacer\" data-id=\"d3b86c0\" data-element_type=\"widget\" data-e-type=\"widget\" data-widget_type=\"spacer.default\">\n\t\t\t\t<div class=\"elementor-widget-container\">\n\t\t\t\t\t\t\t<div class=\"elementor-spacer\">\n\t\t\t<div class=\"elementor-spacer-inner\"><\/div>\n\t\t<\/div>\n\t\t\t\t\t\t<\/div>\n\t\t\t\t<\/div>\n\t\t\t\t<div class=\"elementor-element elementor-element-4de7ed2 elementor-widget elementor-widget-image\" data-id=\"4de7ed2\" data-element_type=\"widget\" data-e-type=\"widget\" data-widget_type=\"image.default\">\n\t\t\t\t<div class=\"elementor-widget-container\">\n\t\t\t\t\t\t\t\t\t\t\t\t\t\t\t<img decoding=\"async\" width=\"150\" height=\"150\" src=\"https:\/\/www.lancaster.ac.uk\/great\/wp-content\/blogs.dir\/649\/files\/2022\/04\/Transitions-Thumbnail.png\" class=\"attachment-medium size-medium wp-image-3288\" alt=\"\" srcset=\"https:\/\/www.lancaster.ac.uk\/great\/wp-content\/blogs.dir\/649\/files\/2022\/04\/Transitions-Thumbnail.png 150w, https:\/\/www.lancaster.ac.uk\/great\/wp-content\/blogs.dir\/649\/files\/2022\/04\/Transitions-Thumbnail-149x149.png 149w, https:\/\/www.lancaster.ac.uk\/great\/wp-content\/blogs.dir\/649\/files\/2022\/04\/Transitions-Thumbnail-129x129.png 129w, https:\/\/www.lancaster.ac.uk\/great\/wp-content\/blogs.dir\/649\/files\/2022\/04\/Transitions-Thumbnail-75x75.png 75w, https:\/\/www.lancaster.ac.uk\/great\/wp-content\/blogs.dir\/649\/files\/2022\/04\/Transitions-Thumbnail-69x69.png 69w\" sizes=\"(max-width: 150px) 100vw, 150px\" \/>\t\t\t\t\t\t\t\t\t\t\t\t\t\t\t<\/div>\n\t\t\t\t<\/div>\n\t\t\t\t<div class=\"elementor-element elementor-element-6b331fe elementor-widget elementor-widget-heading\" data-id=\"6b331fe\" data-element_type=\"widget\" data-e-type=\"widget\" data-widget_type=\"heading.default\">\n\t\t\t\t<div class=\"elementor-widget-container\">\n\t\t\t\t\t<h4 class=\"elementor-heading-title elementor-size-default\">Transiciones<\/h4>\t\t\t\t<\/div>\n\t\t\t\t<\/div>\n\t\t\t\t<div class=\"elementor-element elementor-element-7b0776b elementor-widget elementor-widget-spacer\" data-id=\"7b0776b\" data-element_type=\"widget\" data-e-type=\"widget\" data-widget_type=\"spacer.default\">\n\t\t\t\t<div class=\"elementor-widget-container\">\n\t\t\t\t\t\t\t<div class=\"elementor-spacer\">\n\t\t\t<div class=\"elementor-spacer-inner\"><\/div>\n\t\t<\/div>\n\t\t\t\t\t\t<\/div>\n\t\t\t\t<\/div>\n\t\t\t\t<\/div>\n\t\t\t\t<\/div>\n\t\t<div class=\"elementor-element elementor-element-1dba9c1 e-con-full e-flex e-con e-child\" data-id=\"1dba9c1\" data-element_type=\"container\" data-e-type=\"container\">\n\t\t\t\t<div class=\"elementor-element elementor-element-5b851e7 elementor-widget elementor-widget-text-editor\" data-id=\"5b851e7\" data-element_type=\"widget\" data-e-type=\"widget\" data-widget_type=\"text-editor.default\">\n\t\t\t\t<div class=\"elementor-widget-container\">\n\t\t\t\t\t\t\t\t\t<p>En Colombia, la transici\u00f3n significa la oportunidad de reconstruir un pa\u00eds marcado por el conflicto armado que por m\u00e1s de 60 a\u00f1os ha tra\u00eddo el exilio, despojo y marginalidad a m\u00e1s de ocho millones de personas.<\/p><p>El largo conflicto ha afectado principalmente a la poblaci\u00f3n rural, y los campesinos pobres desplazados que actualmente viven en las grandes ciudades, como Cali. Ellos comenzaron a experimentar la pobreza, la estigmatizaci\u00f3n y el desarraigo desde el momento en que se vieron obligados a abandonar sus territorios.<\/p><p>Desde fines de la d\u00e9cada de 1980, el desplazamiento forzado interno se ha exacerbado en Colombia y los gobiernos locales han luchado por contrarrestar los efectos de la llegada masiva de campesinos que buscan comenzar su vida desde cero en las zonas urbanas. Pese a lo anterior, el Acuerdo de Paz firmado en 2016 entre el gobierno y la guerrilla de las FARC no incluy\u00f3 acciones espec\u00edficas para las v\u00edctimas de la ciudad.<\/p>\t\t\t\t\t\t\t\t<\/div>\n\t\t\t\t<\/div>\n\t\t\t\t<\/div>\n\t\t\t\t\t<\/div>\n\t\t\t\t<\/div>\n\t\t\t\t<div class=\"elementor-element elementor-element-78eb227 elementor-widget elementor-widget-image\" data-id=\"78eb227\" data-element_type=\"widget\" data-e-type=\"widget\" data-widget_type=\"image.default\">\n\t\t\t\t<div class=\"elementor-widget-container\">\n\t\t\t\t\t\t\t\t\t\t\t\t\t\t\t<img fetchpriority=\"high\" decoding=\"async\" width=\"1024\" height=\"416\" src=\"https:\/\/www.lancaster.ac.uk\/great\/wp-content\/blogs.dir\/649\/files\/2020\/06\/trn4-1024x416.png\" class=\"attachment-large size-large wp-image-2124\" alt=\"\" srcset=\"https:\/\/www.lancaster.ac.uk\/great\/wp-content\/blogs.dir\/649\/files\/2020\/06\/trn4-1024x416.png 1024w, https:\/\/www.lancaster.ac.uk\/great\/wp-content\/blogs.dir\/649\/files\/2020\/06\/trn4-300x122.png 300w, https:\/\/www.lancaster.ac.uk\/great\/wp-content\/blogs.dir\/649\/files\/2020\/06\/trn4-150x61.png 150w, https:\/\/www.lancaster.ac.uk\/great\/wp-content\/blogs.dir\/649\/files\/2020\/06\/trn4-768x312.png 768w, https:\/\/www.lancaster.ac.uk\/great\/wp-content\/blogs.dir\/649\/files\/2020\/06\/trn4-1536x624.png 1536w, https:\/\/www.lancaster.ac.uk\/great\/wp-content\/blogs.dir\/649\/files\/2020\/06\/trn4.png 1669w\" sizes=\"(max-width: 1024px) 100vw, 1024px\" \/>\t\t\t\t\t\t\t\t\t\t\t\t\t\t\t<\/div>\n\t\t\t\t<\/div>\n\t\t\t\t<div class=\"elementor-element elementor-element-4602e6c elementor-widget elementor-widget-spacer\" data-id=\"4602e6c\" data-element_type=\"widget\" data-e-type=\"widget\" data-widget_type=\"spacer.default\">\n\t\t\t\t<div class=\"elementor-widget-container\">\n\t\t\t\t\t\t\t<div class=\"elementor-spacer\">\n\t\t\t<div class=\"elementor-spacer-inner\"><\/div>\n\t\t<\/div>\n\t\t\t\t\t\t<\/div>\n\t\t\t\t<\/div>\n\t\t\t\t\t<\/div>\n\t\t\t\t<\/div>\n\t\t\t\t\t<\/div>\n\t\t\t\t<\/div>\n\t\t<div id=\"e-n-tab-content-1187014512\" role=\"tabpanel\" aria-labelledby=\"e-n-tab-title-1187014512\" data-tab-index=\"2\" style=\"--n-tabs-title-order: 2;\" class=\" elementor-element elementor-element-c01e7bf e-con-full e-flex e-con e-child\" data-id=\"c01e7bf\" data-element_type=\"container\" data-e-type=\"container\">\n\t\t<div class=\"elementor-element elementor-element-b34b786 e-con-full e-flex e-con e-child\" data-id=\"b34b786\" data-element_type=\"container\" data-e-type=\"container\">\n\t\t\t\t<div class=\"elementor-element elementor-element-fa82971 elementor-widget elementor-widget-spacer\" data-id=\"fa82971\" data-element_type=\"widget\" data-e-type=\"widget\" data-widget_type=\"spacer.default\">\n\t\t\t\t<div class=\"elementor-widget-container\">\n\t\t\t\t\t\t\t<div class=\"elementor-spacer\">\n\t\t\t<div class=\"elementor-spacer-inner\"><\/div>\n\t\t<\/div>\n\t\t\t\t\t\t<\/div>\n\t\t\t\t<\/div>\n\t\t\t\t<div class=\"elementor-element elementor-element-31553af elementor-widget elementor-widget-image\" data-id=\"31553af\" data-element_type=\"widget\" data-e-type=\"widget\" data-widget_type=\"image.default\">\n\t\t\t\t<div class=\"elementor-widget-container\">\n\t\t\t\t\t\t\t\t\t\t\t\t\t\t\t<img decoding=\"async\" width=\"150\" height=\"150\" src=\"https:\/\/www.lancaster.ac.uk\/great\/wp-content\/blogs.dir\/649\/files\/2022\/04\/Intersectionality-thumbnail.png\" class=\"attachment-medium size-medium wp-image-3286\" alt=\"\" srcset=\"https:\/\/www.lancaster.ac.uk\/great\/wp-content\/blogs.dir\/649\/files\/2022\/04\/Intersectionality-thumbnail.png 150w, https:\/\/www.lancaster.ac.uk\/great\/wp-content\/blogs.dir\/649\/files\/2022\/04\/Intersectionality-thumbnail-149x149.png 149w, https:\/\/www.lancaster.ac.uk\/great\/wp-content\/blogs.dir\/649\/files\/2022\/04\/Intersectionality-thumbnail-129x129.png 129w, https:\/\/www.lancaster.ac.uk\/great\/wp-content\/blogs.dir\/649\/files\/2022\/04\/Intersectionality-thumbnail-75x75.png 75w, https:\/\/www.lancaster.ac.uk\/great\/wp-content\/blogs.dir\/649\/files\/2022\/04\/Intersectionality-thumbnail-69x69.png 69w\" sizes=\"(max-width: 150px) 100vw, 150px\" \/>\t\t\t\t\t\t\t\t\t\t\t\t\t\t\t<\/div>\n\t\t\t\t<\/div>\n\t\t\t\t<div class=\"elementor-element elementor-element-eac7324 elementor-widget elementor-widget-heading\" data-id=\"eac7324\" data-element_type=\"widget\" data-e-type=\"widget\" data-widget_type=\"heading.default\">\n\t\t\t\t<div class=\"elementor-widget-container\">\n\t\t\t\t\t<h4 class=\"elementor-heading-title elementor-size-default\">Interseccionalidad<\/h4>\t\t\t\t<\/div>\n\t\t\t\t<\/div>\n\t\t\t\t<div class=\"elementor-element elementor-element-c62fd83 elementor-widget elementor-widget-spacer\" data-id=\"c62fd83\" data-element_type=\"widget\" data-e-type=\"widget\" data-widget_type=\"spacer.default\">\n\t\t\t\t<div class=\"elementor-widget-container\">\n\t\t\t\t\t\t\t<div class=\"elementor-spacer\">\n\t\t\t<div class=\"elementor-spacer-inner\"><\/div>\n\t\t<\/div>\n\t\t\t\t\t\t<\/div>\n\t\t\t\t<\/div>\n\t\t\t\t<\/div>\n\t\t<div class=\"elementor-element elementor-element-ba970f2 e-con-full e-flex e-con e-child\" data-id=\"ba970f2\" data-element_type=\"container\" data-e-type=\"container\">\n\t\t\t\t<div class=\"elementor-element elementor-element-a3b81fb elementor-widget elementor-widget-text-editor\" data-id=\"a3b81fb\" data-element_type=\"widget\" data-e-type=\"widget\" data-widget_type=\"text-editor.default\">\n\t\t\t\t<div class=\"elementor-widget-container\">\n\t\t\t\t\t\t\t\t\t<p>Preguntas sobre g\u00e9nero, etnia, clase y, en el caso de Cali, si se ha sido o no v\u00edctima del conflicto armado colombiano son claves para entender las comunidades con las que GREAT trabaja. Lo que es y podr\u00eda ser un futuro urbano equitativo depende de los procesos que han dado forma a las comunidades de lugares como Brisas de las Palmas.<\/p>\t\t\t\t\t\t\t\t<\/div>\n\t\t\t\t<\/div>\n\t\t\t\t<\/div>\n\t\t\t\t<\/div>\n\t\t<div id=\"e-n-tab-content-1187014513\" role=\"tabpanel\" aria-labelledby=\"e-n-tab-title-1187014513\" data-tab-index=\"3\" style=\"--n-tabs-title-order: 3;\" class=\" elementor-element elementor-element-a241117 e-con-full e-flex e-con e-child\" data-id=\"a241117\" data-element_type=\"container\" data-e-type=\"container\">\n\t\t<div class=\"elementor-element elementor-element-41ad108 e-con-full e-flex e-con e-child\" data-id=\"41ad108\" data-element_type=\"container\" data-e-type=\"container\">\n\t\t\t\t<div class=\"elementor-element elementor-element-048845c elementor-widget elementor-widget-spacer\" data-id=\"048845c\" data-element_type=\"widget\" data-e-type=\"widget\" data-widget_type=\"spacer.default\">\n\t\t\t\t<div class=\"elementor-widget-container\">\n\t\t\t\t\t\t\t<div class=\"elementor-spacer\">\n\t\t\t<div class=\"elementor-spacer-inner\"><\/div>\n\t\t<\/div>\n\t\t\t\t\t\t<\/div>\n\t\t\t\t<\/div>\n\t\t\t\t<div class=\"elementor-element elementor-element-e946e35 elementor-widget elementor-widget-image\" data-id=\"e946e35\" data-element_type=\"widget\" data-e-type=\"widget\" data-widget_type=\"image.default\">\n\t\t\t\t<div class=\"elementor-widget-container\">\n\t\t\t\t\t\t\t\t\t\t\t\t\t\t\t<img loading=\"lazy\" decoding=\"async\" width=\"150\" height=\"150\" src=\"https:\/\/www.lancaster.ac.uk\/great\/wp-content\/blogs.dir\/649\/files\/2022\/04\/Imaginaries-of-change-thumbnail.png\" class=\"attachment-medium size-medium wp-image-3287\" alt=\"\" srcset=\"https:\/\/www.lancaster.ac.uk\/great\/wp-content\/blogs.dir\/649\/files\/2022\/04\/Imaginaries-of-change-thumbnail.png 150w, https:\/\/www.lancaster.ac.uk\/great\/wp-content\/blogs.dir\/649\/files\/2022\/04\/Imaginaries-of-change-thumbnail-149x149.png 149w, https:\/\/www.lancaster.ac.uk\/great\/wp-content\/blogs.dir\/649\/files\/2022\/04\/Imaginaries-of-change-thumbnail-129x129.png 129w, https:\/\/www.lancaster.ac.uk\/great\/wp-content\/blogs.dir\/649\/files\/2022\/04\/Imaginaries-of-change-thumbnail-75x75.png 75w, https:\/\/www.lancaster.ac.uk\/great\/wp-content\/blogs.dir\/649\/files\/2022\/04\/Imaginaries-of-change-thumbnail-69x69.png 69w\" sizes=\"(max-width: 150px) 100vw, 150px\" \/>\t\t\t\t\t\t\t\t\t\t\t\t\t\t\t<\/div>\n\t\t\t\t<\/div>\n\t\t\t\t<div class=\"elementor-element elementor-element-36eaffb elementor-widget elementor-widget-heading\" data-id=\"36eaffb\" data-element_type=\"widget\" data-e-type=\"widget\" data-widget_type=\"heading.default\">\n\t\t\t\t<div class=\"elementor-widget-container\">\n\t\t\t\t\t<h4 class=\"elementor-heading-title elementor-size-default\">Imaginarios de Cambio<\/h4>\t\t\t\t<\/div>\n\t\t\t\t<\/div>\n\t\t\t\t<div class=\"elementor-element elementor-element-a3e49af elementor-widget elementor-widget-spacer\" data-id=\"a3e49af\" data-element_type=\"widget\" data-e-type=\"widget\" data-widget_type=\"spacer.default\">\n\t\t\t\t<div class=\"elementor-widget-container\">\n\t\t\t\t\t\t\t<div class=\"elementor-spacer\">\n\t\t\t<div class=\"elementor-spacer-inner\"><\/div>\n\t\t<\/div>\n\t\t\t\t\t\t<\/div>\n\t\t\t\t<\/div>\n\t\t\t\t<\/div>\n\t\t<div class=\"elementor-element elementor-element-f48642c e-con-full e-flex e-con e-child\" data-id=\"f48642c\" data-element_type=\"container\" data-e-type=\"container\">\n\t\t\t\t<div class=\"elementor-element elementor-element-2c4a12f elementor-widget elementor-widget-text-editor\" data-id=\"2c4a12f\" data-element_type=\"widget\" data-e-type=\"widget\" data-widget_type=\"text-editor.default\">\n\t\t\t\t<div class=\"elementor-widget-container\">\n\t\t\t\t\t\t\t\t\t<p>\u00bfDe qu\u00e9 manera se debe imaginar el futuro de las \u00e1reas donde trabaja GREAT y qui\u00e9nes deben participar en el proceso?<\/p><p>A menudo, los asentamientos informales, las \u00e1reas pobres o los barrios populares son vistos como contrarios de lo que deber\u00eda ser la ciudad formal. Esto tiene consecuencias sobre lo posible e imaginable, por ejemplo, en relaci\u00f3n con la tenencia, ocupaci\u00f3n y propiedad de la tierra.<\/p><p>En el contexto de GREAT, pensamos de manera diferente sobre los tipos de imaginarios de las \u00e1reas donde trabajamos y ayudamos a comunicar visiones alternativas de los propios residentes sobre temas como el transporte, la movilidad y los residuos cero.<\/p>\t\t\t\t\t\t\t\t<\/div>\n\t\t\t\t<\/div>\n\t\t\t\t<\/div>\n\t\t\t\t<\/div>\n\t\t\t\t\t<\/div>\n\t\t<\/div>\n\t\t\t\t\t\t<\/div>\n\t\t\t\t<\/div>\n\t\t\t\t\t<\/div>\n\t\t\t\t<\/div>\n\t\t\t\t<\/div>\n\t\t","protected":false},"excerpt":{"rendered":"<p>Conceptos clave en Cali Transiciones Interseccionalidad Imaginarios de Cambio Transiciones En Colombia, la transici\u00f3n significa la oportunidad de reconstruir un pa\u00eds marcado por el conflicto armado que por m\u00e1s de 60 a\u00f1os ha tra\u00eddo el exilio, despojo y marginalidad a m\u00e1s de ocho millones de personas. El largo conflicto ha afectado principalmente a la poblaci\u00f3n [&hellip;]<\/p>\n","protected":false},"author":4,"featured_media":0,"parent":5217,"menu_order":0,"comment_status":"closed","ping_status":"closed","template":"","meta":{"site-sidebar-layout":"no-sidebar","site-content-layout":"page-builder","ast-site-content-layout":"default","site-content-style":"default","site-sidebar-style":"default","ast-global-header-display":"","ast-banner-title-visibility":"","ast-main-header-display":"","ast-hfb-above-header-display":"","ast-hfb-below-header-display":"","ast-hfb-mobile-header-display":"","site-post-title":"disabled","ast-breadcrumbs-content":"","ast-featured-img":"disabled","footer-sml-layout":"","ast-disable-related-posts":"","theme-transparent-header-meta":"default","adv-header-id-meta":"","stick-header-meta":"","header-above-stick-meta":"","header-main-stick-meta":"","header-below-stick-meta":"","astra-migrate-meta-layouts":"default","ast-page-background-enabled":"default","ast-page-background-meta":{"desktop":{"background-color":"var(--ast-global-color-4)","background-image":"","background-repeat":"repeat","background-position":"center center","background-size":"auto","background-attachment":"scroll","background-type":"","background-media":"","overlay-type":"","overlay-color":"","overlay-opacity":"","overlay-gradient":""},"tablet":{"background-color":"","background-image":"","background-repeat":"repeat","background-position":"center center","background-size":"auto","background-attachment":"scroll","background-type":"","background-media":"","overlay-type":"","overlay-color":"","overlay-opacity":"","overlay-gradient":""},"mobile":{"background-color":"","background-image":"","background-repeat":"repeat","background-position":"center center","background-size":"auto","background-attachment":"scroll","background-type":"","background-media":"","overlay-type":"","overlay-color":"","overlay-opacity":"","overlay-gradient":""}},"ast-content-background-meta":{"desktop":{"background-color":"var(--ast-global-color-5)","background-image":"","background-repeat":"repeat","background-position":"center center","background-size":"auto","background-attachment":"scroll","background-type":"","background-media":"","overlay-type":"","overlay-color":"","overlay-opacity":"","overlay-gradient":""},"tablet":{"background-color":"var(--ast-global-color-5)","background-image":"","background-repeat":"repeat","background-position":"center center","background-size":"auto","background-attachment":"scroll","background-type":"","background-media":"","overlay-type":"","overlay-color":"","overlay-opacity":"","overlay-gradient":""},"mobile":{"background-color":"var(--ast-global-color-5)","background-image":"","background-repeat":"repeat","background-position":"center center","background-size":"auto","background-attachment":"scroll","background-type":"","background-media":"","overlay-type":"","overlay-color":"","overlay-opacity":"","overlay-gradient":""}},"footnotes":""},"class_list":["post-5282","page","type-page","status-publish","hentry"],"_links":{"self":[{"href":"https:\/\/www.lancaster.ac.uk\/great\/wp-json\/wp\/v2\/pages\/5282","targetHints":{"allow":["GET"]}}],"collection":[{"href":"https:\/\/www.lancaster.ac.uk\/great\/wp-json\/wp\/v2\/pages"}],"about":[{"href":"https:\/\/www.lancaster.ac.uk\/great\/wp-json\/wp\/v2\/types\/page"}],"author":[{"embeddable":true,"href":"https:\/\/www.lancaster.ac.uk\/great\/wp-json\/wp\/v2\/users\/4"}],"replies":[{"embeddable":true,"href":"https:\/\/www.lancaster.ac.uk\/great\/wp-json\/wp\/v2\/comments?post=5282"}],"version-history":[{"count":28,"href":"https:\/\/www.lancaster.ac.uk\/great\/wp-json\/wp\/v2\/pages\/5282\/revisions"}],"predecessor-version":[{"id":6676,"href":"https:\/\/www.lancaster.ac.uk\/great\/wp-json\/wp\/v2\/pages\/5282\/revisions\/6676"}],"up":[{"embeddable":true,"href":"https:\/\/www.lancaster.ac.uk\/great\/wp-json\/wp\/v2\/pages\/5217"}],"wp:attachment":[{"href":"https:\/\/www.lancaster.ac.uk\/great\/wp-json\/wp\/v2\/media?parent=5282"}],"curies":[{"name":"wp","href":"https:\/\/api.w.org\/{rel}","templated":true}]}}