{"id":5396,"date":"2022-04-15T15:05:22","date_gmt":"2022-04-15T15:05:22","guid":{"rendered":"https:\/\/www.lancaster.ac.uk\/great\/?page_id=5396"},"modified":"2024-05-11T00:27:53","modified_gmt":"2024-05-11T00:27:53","slug":"conceptos-clave-en-la-habana","status":"publish","type":"page","link":"https:\/\/www.lancaster.ac.uk\/great\/es\/ciudades\/habana\/conceptos-clave-en-la-habana\/","title":{"rendered":"Conceptos Clave en La Habana"},"content":{"rendered":"\t\t<div data-elementor-type=\"wp-page\" data-elementor-id=\"5396\" class=\"elementor elementor-5396\">\n\t\t\t\t\t\t<section class=\"elementor-section elementor-top-section elementor-element elementor-element-aea4253 elementor-section-boxed elementor-section-height-default elementor-section-height-default\" data-id=\"aea4253\" data-element_type=\"section\" data-e-type=\"section\" data-settings=\"{&quot;background_background&quot;:&quot;classic&quot;}\">\n\t\t\t\t\t\t\t<div class=\"elementor-background-overlay\"><\/div>\n\t\t\t\t\t\t\t<div class=\"elementor-container elementor-column-gap-default\">\n\t\t\t\t\t<div class=\"elementor-column elementor-col-100 elementor-top-column elementor-element elementor-element-46cbc67\" data-id=\"46cbc67\" data-element_type=\"column\" data-e-type=\"column\">\n\t\t\t<div class=\"elementor-widget-wrap elementor-element-populated\">\n\t\t\t\t\t\t<div class=\"elementor-element elementor-element-9052a71 elementor-widget elementor-widget-spacer\" data-id=\"9052a71\" data-element_type=\"widget\" data-e-type=\"widget\" data-widget_type=\"spacer.default\">\n\t\t\t\t<div class=\"elementor-widget-container\">\n\t\t\t\t\t\t\t<div class=\"elementor-spacer\">\n\t\t\t<div class=\"elementor-spacer-inner\"><\/div>\n\t\t<\/div>\n\t\t\t\t\t\t<\/div>\n\t\t\t\t<\/div>\n\t\t\t\t<div class=\"elementor-element elementor-element-a0cb788 elementor-widget elementor-widget-heading\" data-id=\"a0cb788\" data-element_type=\"widget\" data-e-type=\"widget\" data-widget_type=\"heading.default\">\n\t\t\t\t<div class=\"elementor-widget-container\">\n\t\t\t\t\t<h2 class=\"elementor-heading-title elementor-size-default\">Conceptos Clave en La Habana<\/h2>\t\t\t\t<\/div>\n\t\t\t\t<\/div>\n\t\t\t\t<div class=\"elementor-element elementor-element-95e2d2f elementor-widget elementor-widget-spacer\" data-id=\"95e2d2f\" data-element_type=\"widget\" data-e-type=\"widget\" data-widget_type=\"spacer.default\">\n\t\t\t\t<div class=\"elementor-widget-container\">\n\t\t\t\t\t\t\t<div class=\"elementor-spacer\">\n\t\t\t<div class=\"elementor-spacer-inner\"><\/div>\n\t\t<\/div>\n\t\t\t\t\t\t<\/div>\n\t\t\t\t<\/div>\n\t\t\t\t\t<\/div>\n\t\t<\/div>\n\t\t\t\t\t<\/div>\n\t\t<\/section>\n\t\t<div class=\"elementor-element elementor-element-0818518 e-flex e-con-boxed e-con e-parent\" data-id=\"0818518\" data-element_type=\"container\" data-e-type=\"container\">\n\t\t\t\t\t<div class=\"e-con-inner\">\n\t\t\t\t<div class=\"elementor-element elementor-element-947f62a elementor-widget elementor-widget-spacer\" data-id=\"947f62a\" data-element_type=\"widget\" data-e-type=\"widget\" data-widget_type=\"spacer.default\">\n\t\t\t\t<div class=\"elementor-widget-container\">\n\t\t\t\t\t\t\t<div class=\"elementor-spacer\">\n\t\t\t<div class=\"elementor-spacer-inner\"><\/div>\n\t\t<\/div>\n\t\t\t\t\t\t<\/div>\n\t\t\t\t<\/div>\n\t\t\t\t<div class=\"elementor-element elementor-element-1b423c4 e-n-tabs-mobile elementor-widget elementor-widget-n-tabs\" data-id=\"1b423c4\" data-element_type=\"widget\" data-e-type=\"widget\" data-settings=\"{&quot;horizontal_scroll&quot;:&quot;disable&quot;}\" data-widget_type=\"nested-tabs.default\">\n\t\t\t\t<div class=\"elementor-widget-container\">\n\t\t\t\t\t\t\t<div class=\"e-n-tabs\" data-widget-number=\"28582852\" aria-label=\"Pesta\u00f1as. Abre elementos con Intro o Espacio, ci\u00e9rralos con Escape y navega con las fechas.\">\n\t\t\t<div class=\"e-n-tabs-heading\" role=\"tablist\">\n\t\t\t\t\t<button id=\"e-n-tab-title-285828521\" data-tab-title-id=\"e-n-tab-title-285828521\" class=\"e-n-tab-title\" aria-selected=\"true\" data-tab-index=\"1\" role=\"tab\" tabindex=\"0\" aria-controls=\"e-n-tab-content-285828521\" style=\"--n-tabs-title-order: 1;\">\n\t\t\t\t\t\t<span class=\"e-n-tab-title-text\">\n\t\t\t\tTransformaci\u00f3n\t\t\t<\/span>\n\t\t<\/button>\n\t\t\t\t<button id=\"e-n-tab-title-285828522\" data-tab-title-id=\"e-n-tab-title-285828522\" class=\"e-n-tab-title\" aria-selected=\"false\" data-tab-index=\"2\" role=\"tab\" tabindex=\"-1\" aria-controls=\"e-n-tab-content-285828522\" style=\"--n-tabs-title-order: 2;\">\n\t\t\t\t\t\t<span class=\"e-n-tab-title-text\">\n\t\t\t\tIntersecctionalidad\t\t\t<\/span>\n\t\t<\/button>\n\t\t\t\t<button id=\"e-n-tab-title-285828523\" data-tab-title-id=\"e-n-tab-title-285828523\" class=\"e-n-tab-title\" aria-selected=\"false\" data-tab-index=\"3\" role=\"tab\" tabindex=\"-1\" aria-controls=\"e-n-tab-content-285828523\" style=\"--n-tabs-title-order: 3;\">\n\t\t\t\t\t\t<span class=\"e-n-tab-title-text\">\n\t\t\t\tImaginarios de cambio\t\t\t<\/span>\n\t\t<\/button>\n\t\t\t\t\t<\/div>\n\t\t\t<div class=\"e-n-tabs-content\">\n\t\t\t\t<div id=\"e-n-tab-content-285828521\" role=\"tabpanel\" aria-labelledby=\"e-n-tab-title-285828521\" data-tab-index=\"1\" style=\"--n-tabs-title-order: 1;\" class=\"e-active elementor-element elementor-element-1ed3612 e-con-full e-flex e-con e-child\" data-id=\"1ed3612\" data-element_type=\"container\" data-e-type=\"container\">\n\t\t<div class=\"elementor-element elementor-element-0cf80e1 e-con-full e-flex e-con e-child\" data-id=\"0cf80e1\" data-element_type=\"container\" data-e-type=\"container\">\n\t\t\t\t<div class=\"elementor-element elementor-element-e462c7e elementor-widget elementor-widget-spacer\" data-id=\"e462c7e\" data-element_type=\"widget\" data-e-type=\"widget\" data-widget_type=\"spacer.default\">\n\t\t\t\t<div class=\"elementor-widget-container\">\n\t\t\t\t\t\t\t<div class=\"elementor-spacer\">\n\t\t\t<div class=\"elementor-spacer-inner\"><\/div>\n\t\t<\/div>\n\t\t\t\t\t\t<\/div>\n\t\t\t\t<\/div>\n\t\t\t\t<div class=\"elementor-element elementor-element-2948b78 elementor-widget elementor-widget-image\" data-id=\"2948b78\" data-element_type=\"widget\" data-e-type=\"widget\" data-widget_type=\"image.default\">\n\t\t\t\t<div class=\"elementor-widget-container\">\n\t\t\t\t\t\t\t\t\t\t\t\t\t\t\t<img decoding=\"async\" width=\"150\" height=\"150\" src=\"https:\/\/www.lancaster.ac.uk\/great\/wp-content\/blogs.dir\/649\/files\/2022\/04\/Transitions-Thumbnail.png\" class=\"attachment-full size-full wp-image-3288\" alt=\"\" srcset=\"https:\/\/www.lancaster.ac.uk\/great\/wp-content\/blogs.dir\/649\/files\/2022\/04\/Transitions-Thumbnail.png 150w, https:\/\/www.lancaster.ac.uk\/great\/wp-content\/blogs.dir\/649\/files\/2022\/04\/Transitions-Thumbnail-149x149.png 149w, https:\/\/www.lancaster.ac.uk\/great\/wp-content\/blogs.dir\/649\/files\/2022\/04\/Transitions-Thumbnail-129x129.png 129w, https:\/\/www.lancaster.ac.uk\/great\/wp-content\/blogs.dir\/649\/files\/2022\/04\/Transitions-Thumbnail-75x75.png 75w, https:\/\/www.lancaster.ac.uk\/great\/wp-content\/blogs.dir\/649\/files\/2022\/04\/Transitions-Thumbnail-69x69.png 69w\" sizes=\"(max-width: 150px) 100vw, 150px\" \/>\t\t\t\t\t\t\t\t\t\t\t\t\t\t\t<\/div>\n\t\t\t\t<\/div>\n\t\t\t\t<div class=\"elementor-element elementor-element-21bed7d elementor-widget elementor-widget-heading\" data-id=\"21bed7d\" data-element_type=\"widget\" data-e-type=\"widget\" data-widget_type=\"heading.default\">\n\t\t\t\t<div class=\"elementor-widget-container\">\n\t\t\t\t\t<h4 class=\"elementor-heading-title elementor-size-default\">Transformaci\u00f3n<\/h4>\t\t\t\t<\/div>\n\t\t\t\t<\/div>\n\t\t\t\t<div class=\"elementor-element elementor-element-cbf83f8 elementor-widget elementor-widget-spacer\" data-id=\"cbf83f8\" data-element_type=\"widget\" data-e-type=\"widget\" data-widget_type=\"spacer.default\">\n\t\t\t\t<div class=\"elementor-widget-container\">\n\t\t\t\t\t\t\t<div class=\"elementor-spacer\">\n\t\t\t<div class=\"elementor-spacer-inner\"><\/div>\n\t\t<\/div>\n\t\t\t\t\t\t<\/div>\n\t\t\t\t<\/div>\n\t\t\t\t<\/div>\n\t\t<div class=\"elementor-element elementor-element-2693939 e-con-full e-flex e-con e-child\" data-id=\"2693939\" data-element_type=\"container\" data-e-type=\"container\">\n\t\t\t\t<div class=\"elementor-element elementor-element-469c955 elementor-widget elementor-widget-text-editor\" data-id=\"469c955\" data-element_type=\"widget\" data-e-type=\"widget\" data-widget_type=\"text-editor.default\">\n\t\t\t\t<div class=\"elementor-widget-container\">\n\t\t\t\t\t\t\t\t\t<p>En La Habana la transici\u00f3n (o \u201ctransformaci\u00f3n\u201d que es un t\u00e9rmino m\u00e1s preciso en el caso de Cuba) se relaciona con el inicio de una nueva fase del proceso de urbanizaci\u00f3n.<\/p><p>La crisis de la d\u00e9cada de 1990 contribuy\u00f3 al deterioro de la situaci\u00f3n de vivienda en toda Cuba, reactivando la migraci\u00f3n interna hacia La Habana y provocando el (re)surgimiento de asentamientos informales particularmente en las afueras de la ciudad y otras \u00e1reas intersticiales.<\/p><p>En el Proyecto intentamos responder a la pregunta: \u00bfExiste alguna noci\u00f3n de transici\u00f3n sociot\u00e9cnica que se refleje en la pol\u00edtica urbana, los planteamientos de movilidad y la gesti\u00f3n de residuos?<\/p>\t\t\t\t\t\t\t\t<\/div>\n\t\t\t\t<\/div>\n\t\t\t\t<\/div>\n\t\t\t\t<\/div>\n\t\t<div id=\"e-n-tab-content-285828522\" role=\"tabpanel\" aria-labelledby=\"e-n-tab-title-285828522\" data-tab-index=\"2\" style=\"--n-tabs-title-order: 2;\" class=\" elementor-element elementor-element-c7cbd34 e-con-full e-flex e-con e-child\" data-id=\"c7cbd34\" data-element_type=\"container\" data-e-type=\"container\">\n\t\t<div class=\"elementor-element elementor-element-8788b60 e-con-full e-flex e-con e-child\" data-id=\"8788b60\" data-element_type=\"container\" data-e-type=\"container\">\n\t\t\t\t<div class=\"elementor-element elementor-element-434b160 elementor-widget elementor-widget-spacer\" data-id=\"434b160\" data-element_type=\"widget\" data-e-type=\"widget\" data-widget_type=\"spacer.default\">\n\t\t\t\t<div class=\"elementor-widget-container\">\n\t\t\t\t\t\t\t<div class=\"elementor-spacer\">\n\t\t\t<div class=\"elementor-spacer-inner\"><\/div>\n\t\t<\/div>\n\t\t\t\t\t\t<\/div>\n\t\t\t\t<\/div>\n\t\t\t\t<div class=\"elementor-element elementor-element-2f8c9dd elementor-widget elementor-widget-image\" data-id=\"2f8c9dd\" data-element_type=\"widget\" data-e-type=\"widget\" data-widget_type=\"image.default\">\n\t\t\t\t<div class=\"elementor-widget-container\">\n\t\t\t\t\t\t\t\t\t\t\t\t\t\t\t<img decoding=\"async\" width=\"150\" height=\"150\" src=\"https:\/\/www.lancaster.ac.uk\/great\/wp-content\/blogs.dir\/649\/files\/2022\/04\/Intersectionality-thumbnail.png\" class=\"attachment-medium size-medium wp-image-3286\" alt=\"\" srcset=\"https:\/\/www.lancaster.ac.uk\/great\/wp-content\/blogs.dir\/649\/files\/2022\/04\/Intersectionality-thumbnail.png 150w, https:\/\/www.lancaster.ac.uk\/great\/wp-content\/blogs.dir\/649\/files\/2022\/04\/Intersectionality-thumbnail-149x149.png 149w, https:\/\/www.lancaster.ac.uk\/great\/wp-content\/blogs.dir\/649\/files\/2022\/04\/Intersectionality-thumbnail-129x129.png 129w, https:\/\/www.lancaster.ac.uk\/great\/wp-content\/blogs.dir\/649\/files\/2022\/04\/Intersectionality-thumbnail-75x75.png 75w, https:\/\/www.lancaster.ac.uk\/great\/wp-content\/blogs.dir\/649\/files\/2022\/04\/Intersectionality-thumbnail-69x69.png 69w\" sizes=\"(max-width: 150px) 100vw, 150px\" \/>\t\t\t\t\t\t\t\t\t\t\t\t\t\t\t<\/div>\n\t\t\t\t<\/div>\n\t\t\t\t<div class=\"elementor-element elementor-element-0fb9ccc elementor-widget elementor-widget-heading\" data-id=\"0fb9ccc\" data-element_type=\"widget\" data-e-type=\"widget\" data-widget_type=\"heading.default\">\n\t\t\t\t<div class=\"elementor-widget-container\">\n\t\t\t\t\t<h4 class=\"elementor-heading-title elementor-size-default\">Intersecctionalidad<\/h4>\t\t\t\t<\/div>\n\t\t\t\t<\/div>\n\t\t\t\t<div class=\"elementor-element elementor-element-247f540 elementor-widget elementor-widget-spacer\" data-id=\"247f540\" data-element_type=\"widget\" data-e-type=\"widget\" data-widget_type=\"spacer.default\">\n\t\t\t\t<div class=\"elementor-widget-container\">\n\t\t\t\t\t\t\t<div class=\"elementor-spacer\">\n\t\t\t<div class=\"elementor-spacer-inner\"><\/div>\n\t\t<\/div>\n\t\t\t\t\t\t<\/div>\n\t\t\t\t<\/div>\n\t\t\t\t<\/div>\n\t\t<div class=\"elementor-element elementor-element-409d0ad e-con-full e-flex e-con e-child\" data-id=\"409d0ad\" data-element_type=\"container\" data-e-type=\"container\">\n\t\t\t\t<div class=\"elementor-element elementor-element-09c830d elementor-widget elementor-widget-text-editor\" data-id=\"09c830d\" data-element_type=\"widget\" data-e-type=\"widget\" data-widget_type=\"text-editor.default\">\n\t\t\t\t<div class=\"elementor-widget-container\">\n\t\t\t\t\t\t\t\t\t<p>Queremos entender si hay una reflexi\u00f3n interseccional en nuestros casos de estudio.<\/p>\t\t\t\t\t\t\t\t<\/div>\n\t\t\t\t<\/div>\n\t\t\t\t<\/div>\n\t\t\t\t<\/div>\n\t\t<div id=\"e-n-tab-content-285828523\" role=\"tabpanel\" aria-labelledby=\"e-n-tab-title-285828523\" data-tab-index=\"3\" style=\"--n-tabs-title-order: 3;\" class=\" elementor-element elementor-element-5ed22a2 e-con-full e-flex e-con e-child\" data-id=\"5ed22a2\" data-element_type=\"container\" data-e-type=\"container\">\n\t\t<div class=\"elementor-element elementor-element-cbf7073 e-con-full e-flex e-con e-child\" data-id=\"cbf7073\" data-element_type=\"container\" data-e-type=\"container\">\n\t\t\t\t<div class=\"elementor-element elementor-element-8028282 elementor-widget elementor-widget-spacer\" data-id=\"8028282\" data-element_type=\"widget\" data-e-type=\"widget\" data-widget_type=\"spacer.default\">\n\t\t\t\t<div class=\"elementor-widget-container\">\n\t\t\t\t\t\t\t<div class=\"elementor-spacer\">\n\t\t\t<div class=\"elementor-spacer-inner\"><\/div>\n\t\t<\/div>\n\t\t\t\t\t\t<\/div>\n\t\t\t\t<\/div>\n\t\t\t\t<div class=\"elementor-element elementor-element-cbfd810 elementor-widget elementor-widget-image\" data-id=\"cbfd810\" data-element_type=\"widget\" data-e-type=\"widget\" data-widget_type=\"image.default\">\n\t\t\t\t<div class=\"elementor-widget-container\">\n\t\t\t\t\t\t\t\t\t\t\t\t\t\t\t<img decoding=\"async\" width=\"150\" height=\"150\" src=\"https:\/\/www.lancaster.ac.uk\/great\/wp-content\/blogs.dir\/649\/files\/2022\/04\/Imaginaries-of-change-thumbnail.png\" class=\"attachment-medium size-medium wp-image-3287\" alt=\"\" srcset=\"https:\/\/www.lancaster.ac.uk\/great\/wp-content\/blogs.dir\/649\/files\/2022\/04\/Imaginaries-of-change-thumbnail.png 150w, https:\/\/www.lancaster.ac.uk\/great\/wp-content\/blogs.dir\/649\/files\/2022\/04\/Imaginaries-of-change-thumbnail-149x149.png 149w, https:\/\/www.lancaster.ac.uk\/great\/wp-content\/blogs.dir\/649\/files\/2022\/04\/Imaginaries-of-change-thumbnail-129x129.png 129w, https:\/\/www.lancaster.ac.uk\/great\/wp-content\/blogs.dir\/649\/files\/2022\/04\/Imaginaries-of-change-thumbnail-75x75.png 75w, https:\/\/www.lancaster.ac.uk\/great\/wp-content\/blogs.dir\/649\/files\/2022\/04\/Imaginaries-of-change-thumbnail-69x69.png 69w\" sizes=\"(max-width: 150px) 100vw, 150px\" \/>\t\t\t\t\t\t\t\t\t\t\t\t\t\t\t<\/div>\n\t\t\t\t<\/div>\n\t\t\t\t<div class=\"elementor-element elementor-element-4e75840 elementor-widget elementor-widget-heading\" data-id=\"4e75840\" data-element_type=\"widget\" data-e-type=\"widget\" data-widget_type=\"heading.default\">\n\t\t\t\t<div class=\"elementor-widget-container\">\n\t\t\t\t\t<h4 class=\"elementor-heading-title elementor-size-default\">Imaginarios de cambio<\/h4>\t\t\t\t<\/div>\n\t\t\t\t<\/div>\n\t\t\t\t<div class=\"elementor-element elementor-element-2e86835 elementor-widget elementor-widget-spacer\" data-id=\"2e86835\" data-element_type=\"widget\" data-e-type=\"widget\" data-widget_type=\"spacer.default\">\n\t\t\t\t<div class=\"elementor-widget-container\">\n\t\t\t\t\t\t\t<div class=\"elementor-spacer\">\n\t\t\t<div class=\"elementor-spacer-inner\"><\/div>\n\t\t<\/div>\n\t\t\t\t\t\t<\/div>\n\t\t\t\t<\/div>\n\t\t\t\t<\/div>\n\t\t<div class=\"elementor-element elementor-element-1714a0e e-con-full e-flex e-con e-child\" data-id=\"1714a0e\" data-element_type=\"container\" data-e-type=\"container\">\n\t\t\t\t<div class=\"elementor-element elementor-element-89eb256 elementor-widget elementor-widget-text-editor\" data-id=\"89eb256\" data-element_type=\"widget\" data-e-type=\"widget\" data-widget_type=\"text-editor.default\">\n\t\t\t\t<div class=\"elementor-widget-container\">\n\t\t\t\t\t\t\t\t\t<p>En La Habana queremos identificar qu\u00e9 proyectos podr\u00edan informar un cambio de mentalidad a nivel pol\u00edtico y en la pr\u00e1ctica y c\u00f3mo formar a una nueva generaci\u00f3n de actores.<\/p>\t\t\t\t\t\t\t\t<\/div>\n\t\t\t\t<\/div>\n\t\t\t\t<\/div>\n\t\t\t\t<\/div>\n\t\t\t\t\t<\/div>\n\t\t<\/div>\n\t\t\t\t\t\t<\/div>\n\t\t\t\t<\/div>\n\t\t\t\t\t<\/div>\n\t\t\t\t<\/div>\n\t\t\t\t<\/div>\n\t\t","protected":false},"excerpt":{"rendered":"<p>Conceptos Clave en La Habana Transformaci\u00f3n Intersecctionalidad Imaginarios de cambio Transformaci\u00f3n En La Habana la transici\u00f3n (o \u201ctransformaci\u00f3n\u201d que es un t\u00e9rmino m\u00e1s preciso en el caso de Cuba) se relaciona con el inicio de una nueva fase del proceso de urbanizaci\u00f3n. La crisis de la d\u00e9cada de 1990 contribuy\u00f3 al deterioro de la situaci\u00f3n [&hellip;]<\/p>\n","protected":false},"author":4,"featured_media":0,"parent":5389,"menu_order":0,"comment_status":"closed","ping_status":"closed","template":"","meta":{"site-sidebar-layout":"no-sidebar","site-content-layout":"page-builder","ast-site-content-layout":"default","site-content-style":"default","site-sidebar-style":"default","ast-global-header-display":"","ast-banner-title-visibility":"","ast-main-header-display":"","ast-hfb-above-header-display":"","ast-hfb-below-header-display":"","ast-hfb-mobile-header-display":"","site-post-title":"disabled","ast-breadcrumbs-content":"","ast-featured-img":"disabled","footer-sml-layout":"","ast-disable-related-posts":"","theme-transparent-header-meta":"default","adv-header-id-meta":"","stick-header-meta":"","header-above-stick-meta":"","header-main-stick-meta":"","header-below-stick-meta":"","astra-migrate-meta-layouts":"default","ast-page-background-enabled":"default","ast-page-background-meta":{"desktop":{"background-color":"var(--ast-global-color-4)","background-image":"","background-repeat":"repeat","background-position":"center center","background-size":"auto","background-attachment":"scroll","background-type":"","background-media":"","overlay-type":"","overlay-color":"","overlay-opacity":"","overlay-gradient":""},"tablet":{"background-color":"","background-image":"","background-repeat":"repeat","background-position":"center center","background-size":"auto","background-attachment":"scroll","background-type":"","background-media":"","overlay-type":"","overlay-color":"","overlay-opacity":"","overlay-gradient":""},"mobile":{"background-color":"","background-image":"","background-repeat":"repeat","background-position":"center center","background-size":"auto","background-attachment":"scroll","background-type":"","background-media":"","overlay-type":"","overlay-color":"","overlay-opacity":"","overlay-gradient":""}},"ast-content-background-meta":{"desktop":{"background-color":"var(--ast-global-color-5)","background-image":"","background-repeat":"repeat","background-position":"center center","background-size":"auto","background-attachment":"scroll","background-type":"","background-media":"","overlay-type":"","overlay-color":"","overlay-opacity":"","overlay-gradient":""},"tablet":{"background-color":"var(--ast-global-color-5)","background-image":"","background-repeat":"repeat","background-position":"center center","background-size":"auto","background-attachment":"scroll","background-type":"","background-media":"","overlay-type":"","overlay-color":"","overlay-opacity":"","overlay-gradient":""},"mobile":{"background-color":"var(--ast-global-color-5)","background-image":"","background-repeat":"repeat","background-position":"center center","background-size":"auto","background-attachment":"scroll","background-type":"","background-media":"","overlay-type":"","overlay-color":"","overlay-opacity":"","overlay-gradient":""}},"footnotes":""},"class_list":["post-5396","page","type-page","status-publish","hentry"],"_links":{"self":[{"href":"https:\/\/www.lancaster.ac.uk\/great\/wp-json\/wp\/v2\/pages\/5396","targetHints":{"allow":["GET"]}}],"collection":[{"href":"https:\/\/www.lancaster.ac.uk\/great\/wp-json\/wp\/v2\/pages"}],"about":[{"href":"https:\/\/www.lancaster.ac.uk\/great\/wp-json\/wp\/v2\/types\/page"}],"author":[{"embeddable":true,"href":"https:\/\/www.lancaster.ac.uk\/great\/wp-json\/wp\/v2\/users\/4"}],"replies":[{"embeddable":true,"href":"https:\/\/www.lancaster.ac.uk\/great\/wp-json\/wp\/v2\/comments?post=5396"}],"version-history":[{"count":16,"href":"https:\/\/www.lancaster.ac.uk\/great\/wp-json\/wp\/v2\/pages\/5396\/revisions"}],"predecessor-version":[{"id":6672,"href":"https:\/\/www.lancaster.ac.uk\/great\/wp-json\/wp\/v2\/pages\/5396\/revisions\/6672"}],"up":[{"embeddable":true,"href":"https:\/\/www.lancaster.ac.uk\/great\/wp-json\/wp\/v2\/pages\/5389"}],"wp:attachment":[{"href":"https:\/\/www.lancaster.ac.uk\/great\/wp-json\/wp\/v2\/media?parent=5396"}],"curies":[{"name":"wp","href":"https:\/\/api.w.org\/{rel}","templated":true}]}}