{"id":7031,"date":"2025-01-20T15:06:28","date_gmt":"2025-01-20T15:06:28","guid":{"rendered":"https:\/\/www.lancaster.ac.uk\/great\/?page_id=7031"},"modified":"2025-02-12T00:01:08","modified_gmt":"2025-02-12T00:01:08","slug":"voice-12","status":"publish","type":"page","link":"https:\/\/www.lancaster.ac.uk\/great\/voices\/voice-12\/","title":{"rendered":"Voice 12"},"content":{"rendered":"\t\t<div data-elementor-type=\"wp-page\" data-elementor-id=\"7031\" class=\"elementor elementor-7031\">\n\t\t\t\t<div class=\"elementor-element elementor-element-ad456e1 e-flex e-con-boxed e-con e-parent\" data-id=\"ad456e1\" data-element_type=\"container\" data-e-type=\"container\" data-settings=\"{&quot;background_background&quot;:&quot;classic&quot;}\">\n\t\t\t\t\t<div class=\"e-con-inner\">\n\t\t<div class=\"elementor-element elementor-element-e774b94 e-con-full e-flex e-con e-child\" data-id=\"e774b94\" data-element_type=\"container\" data-e-type=\"container\" data-settings=\"{&quot;background_background&quot;:&quot;classic&quot;}\">\n\t\t\t\t<div class=\"elementor-element elementor-element-829a831 elementor-widget elementor-widget-spacer\" data-id=\"829a831\" data-element_type=\"widget\" data-e-type=\"widget\" data-widget_type=\"spacer.default\">\n\t\t\t\t<div class=\"elementor-widget-container\">\n\t\t\t\t\t\t\t<div class=\"elementor-spacer\">\n\t\t\t<div class=\"elementor-spacer-inner\"><\/div>\n\t\t<\/div>\n\t\t\t\t\t\t<\/div>\n\t\t\t\t<\/div>\n\t\t\t\t<div class=\"elementor-element elementor-element-19c232f elementor-widget elementor-widget-heading\" data-id=\"19c232f\" data-element_type=\"widget\" data-e-type=\"widget\" data-widget_type=\"heading.default\">\n\t\t\t\t<div class=\"elementor-widget-container\">\n\t\t\t\t\t<h2 class=\"elementor-heading-title elementor-size-default\">12. Gloria Mar\u00eda Fern\u00e1ndez<\/h2>\t\t\t\t<\/div>\n\t\t\t\t<\/div>\n\t\t<div class=\"elementor-element elementor-element-f07f7f2 e-con-full e-flex e-con e-child\" data-id=\"f07f7f2\" data-element_type=\"container\" data-e-type=\"container\" data-settings=\"{&quot;background_background&quot;:&quot;classic&quot;}\">\n\t\t\t\t<div class=\"elementor-element elementor-element-036433f elementor-widget elementor-widget-video\" data-id=\"036433f\" data-element_type=\"widget\" data-e-type=\"widget\" data-settings=\"{&quot;youtube_url&quot;:&quot;https:\\\/\\\/www.youtube.com\\\/watch?v=TGBJo0fnxsQ&quot;,&quot;video_type&quot;:&quot;youtube&quot;,&quot;controls&quot;:&quot;yes&quot;}\" data-widget_type=\"video.default\">\n\t\t\t\t<div class=\"elementor-widget-container\">\n\t\t\t\t\t\t\t<div class=\"elementor-wrapper elementor-open-inline\">\n\t\t\t<div class=\"elementor-video\"><\/div>\t\t<\/div>\n\t\t\t\t\t\t<\/div>\n\t\t\t\t<\/div>\n\t\t<div class=\"elementor-element elementor-element-961385f e-con-full e-flex e-con e-child\" data-id=\"961385f\" data-element_type=\"container\" data-e-type=\"container\">\n\t\t\t\t<div class=\"elementor-element elementor-element-53c3f36 elementor-widget elementor-widget-text-editor\" data-id=\"53c3f36\" data-element_type=\"widget\" data-e-type=\"widget\" data-widget_type=\"text-editor.default\">\n\t\t\t\t<div class=\"elementor-widget-container\">\n\t\t\t\t\t\t\t\t\t<p><span style=\"font-weight: 400;\">Gloria Mar\u00eda Fern\u00e1ndez Rodr\u00edguez, 60, shares her 23-year journey in Pampa el Mirador Alto Jord\u00e1n, where she built her home while raising her children under challenging conditions. Originally from Cauca, she moved to Cali seeking opportunities and endured initial hardships like lack of infrastructure and financial struggles.<\/span><\/p><p><span style=\"font-weight: 400;\">Despite losing her husband and facing health issues, Gloria worked tirelessly as a cleaner and ironer to provide for her family and finish building her house. She highlights her resilience, faith, and dedication to creating a better future for her children, reflecting the strength required to overcome personal and community challenges.<\/span><\/p>\t\t\t\t\t\t\t\t<\/div>\n\t\t\t\t<\/div>\n\t\t<div class=\"elementor-element elementor-element-3c94923 e-con-full e-flex e-con e-child\" data-id=\"3c94923\" data-element_type=\"container\" data-e-type=\"container\">\n\t\t\t\t<div class=\"elementor-element elementor-element-d8e286a elementor-widget elementor-widget-text-editor\" data-id=\"d8e286a\" data-element_type=\"widget\" data-e-type=\"widget\" data-widget_type=\"text-editor.default\">\n\t\t\t\t<div class=\"elementor-widget-container\">\n\t\t\t\t\t\t\t\t\t<h5><strong>Related voices<\/strong><\/h5>\t\t\t\t\t\t\t\t<\/div>\n\t\t\t\t<\/div>\n\t\t\t\t<\/div>\n\t\t<div class=\"elementor-element elementor-element-c39b444 e-con-full e-flex e-con e-child\" data-id=\"c39b444\" data-element_type=\"container\" data-e-type=\"container\">\n\t\t<div class=\"elementor-element elementor-element-718dead e-con-full e-flex e-con e-child\" data-id=\"718dead\" data-element_type=\"container\" data-e-type=\"container\">\n\t\t\t\t<div class=\"elementor-element elementor-element-cafcaef elementor-widget elementor-widget-image\" data-id=\"cafcaef\" data-element_type=\"widget\" data-e-type=\"widget\" data-widget_type=\"image.default\">\n\t\t\t\t<div class=\"elementor-widget-container\">\n\t\t\t\t\t\t\t\t\t\t\t\t\t\t\t\t<a href=\"https:\/\/www.lancaster.ac.uk\/great\/voices\/voice-8\/\">\n\t\t\t\t\t\t\t<img fetchpriority=\"high\" decoding=\"async\" width=\"326\" height=\"183\" src=\"https:\/\/www.lancaster.ac.uk\/great\/wp-content\/blogs.dir\/649\/files\/2024\/12\/Slide01.jpg\" class=\"attachment-full size-full wp-image-6912\" alt=\"\" srcset=\"https:\/\/www.lancaster.ac.uk\/great\/wp-content\/blogs.dir\/649\/files\/2024\/12\/Slide01.jpg 326w, https:\/\/www.lancaster.ac.uk\/great\/wp-content\/blogs.dir\/649\/files\/2024\/12\/Slide01-300x168.jpg 300w, https:\/\/www.lancaster.ac.uk\/great\/wp-content\/blogs.dir\/649\/files\/2024\/12\/Slide01-150x84.jpg 150w\" sizes=\"(max-width: 326px) 100vw, 326px\" \/>\t\t\t\t\t\t\t\t<\/a>\n\t\t\t\t\t\t\t\t\t\t\t\t\t\t\t<\/div>\n\t\t\t\t<\/div>\n\t\t\t\t<div class=\"elementor-element elementor-element-251a1b3 elementor-widget elementor-widget-spacer\" data-id=\"251a1b3\" data-element_type=\"widget\" data-e-type=\"widget\" data-widget_type=\"spacer.default\">\n\t\t\t\t<div class=\"elementor-widget-container\">\n\t\t\t\t\t\t\t<div class=\"elementor-spacer\">\n\t\t\t<div class=\"elementor-spacer-inner\"><\/div>\n\t\t<\/div>\n\t\t\t\t\t\t<\/div>\n\t\t\t\t<\/div>\n\t\t\t\t<\/div>\n\t\t<div class=\"elementor-element elementor-element-540fd77 e-con-full e-flex e-con e-child\" data-id=\"540fd77\" data-element_type=\"container\" data-e-type=\"container\">\n\t\t\t\t<div class=\"elementor-element elementor-element-1ab72cd elementor-widget elementor-widget-image\" data-id=\"1ab72cd\" data-element_type=\"widget\" data-e-type=\"widget\" data-widget_type=\"image.default\">\n\t\t\t\t<div class=\"elementor-widget-container\">\n\t\t\t\t\t\t\t\t\t\t\t\t\t\t\t\t<a href=\"https:\/\/www.lancaster.ac.uk\/great\/voices\/voice-10\/\">\n\t\t\t\t\t\t\t<img decoding=\"async\" width=\"326\" height=\"183\" src=\"https:\/\/www.lancaster.ac.uk\/great\/wp-content\/blogs.dir\/649\/files\/2024\/12\/Slide02.jpg\" class=\"attachment-full size-full wp-image-6913\" alt=\"\" srcset=\"https:\/\/www.lancaster.ac.uk\/great\/wp-content\/blogs.dir\/649\/files\/2024\/12\/Slide02.jpg 326w, https:\/\/www.lancaster.ac.uk\/great\/wp-content\/blogs.dir\/649\/files\/2024\/12\/Slide02-300x168.jpg 300w, https:\/\/www.lancaster.ac.uk\/great\/wp-content\/blogs.dir\/649\/files\/2024\/12\/Slide02-150x84.jpg 150w\" sizes=\"(max-width: 326px) 100vw, 326px\" \/>\t\t\t\t\t\t\t\t<\/a>\n\t\t\t\t\t\t\t\t\t\t\t\t\t\t\t<\/div>\n\t\t\t\t<\/div>\n\t\t\t\t<div class=\"elementor-element elementor-element-15c48ab elementor-widget elementor-widget-spacer\" data-id=\"15c48ab\" data-element_type=\"widget\" data-e-type=\"widget\" data-widget_type=\"spacer.default\">\n\t\t\t\t<div class=\"elementor-widget-container\">\n\t\t\t\t\t\t\t<div class=\"elementor-spacer\">\n\t\t\t<div class=\"elementor-spacer-inner\"><\/div>\n\t\t<\/div>\n\t\t\t\t\t\t<\/div>\n\t\t\t\t<\/div>\n\t\t\t\t<\/div>\n\t\t<div class=\"elementor-element elementor-element-ce82098 e-con-full e-flex e-con e-child\" data-id=\"ce82098\" data-element_type=\"container\" data-e-type=\"container\">\n\t\t\t\t<div class=\"elementor-element elementor-element-a132f8f elementor-widget elementor-widget-image\" data-id=\"a132f8f\" data-element_type=\"widget\" data-e-type=\"widget\" data-widget_type=\"image.default\">\n\t\t\t\t<div class=\"elementor-widget-container\">\n\t\t\t\t\t\t\t\t\t\t\t\t\t\t\t\t<a href=\"https:\/\/www.lancaster.ac.uk\/great\/voices\/voice-15\/\">\n\t\t\t\t\t\t\t<img decoding=\"async\" width=\"326\" height=\"183\" src=\"https:\/\/www.lancaster.ac.uk\/great\/wp-content\/blogs.dir\/649\/files\/2024\/12\/Slide03.jpg\" class=\"attachment-full size-full wp-image-6914\" alt=\"\" srcset=\"https:\/\/www.lancaster.ac.uk\/great\/wp-content\/blogs.dir\/649\/files\/2024\/12\/Slide03.jpg 326w, https:\/\/www.lancaster.ac.uk\/great\/wp-content\/blogs.dir\/649\/files\/2024\/12\/Slide03-300x168.jpg 300w, https:\/\/www.lancaster.ac.uk\/great\/wp-content\/blogs.dir\/649\/files\/2024\/12\/Slide03-150x84.jpg 150w\" sizes=\"(max-width: 326px) 100vw, 326px\" \/>\t\t\t\t\t\t\t\t<\/a>\n\t\t\t\t\t\t\t\t\t\t\t\t\t\t\t<\/div>\n\t\t\t\t<\/div>\n\t\t\t\t<div class=\"elementor-element elementor-element-4011c65 elementor-widget elementor-widget-spacer\" data-id=\"4011c65\" data-element_type=\"widget\" data-e-type=\"widget\" data-widget_type=\"spacer.default\">\n\t\t\t\t<div class=\"elementor-widget-container\">\n\t\t\t\t\t\t\t<div class=\"elementor-spacer\">\n\t\t\t<div class=\"elementor-spacer-inner\"><\/div>\n\t\t<\/div>\n\t\t\t\t\t\t<\/div>\n\t\t\t\t<\/div>\n\t\t\t\t<\/div>\n\t\t<div class=\"elementor-element elementor-element-945baae e-con-full e-flex e-con e-child\" data-id=\"945baae\" data-element_type=\"container\" data-e-type=\"container\">\n\t\t\t\t<div class=\"elementor-element elementor-element-98b63a9 elementor-widget elementor-widget-image\" data-id=\"98b63a9\" data-element_type=\"widget\" data-e-type=\"widget\" data-widget_type=\"image.default\">\n\t\t\t\t<div class=\"elementor-widget-container\">\n\t\t\t\t\t\t\t\t\t\t\t\t\t\t\t\t<a href=\"https:\/\/www.lancaster.ac.uk\/great\/voices\/voice-19\/\">\n\t\t\t\t\t\t\t<img fetchpriority=\"high\" decoding=\"async\" width=\"326\" height=\"183\" src=\"https:\/\/www.lancaster.ac.uk\/great\/wp-content\/blogs.dir\/649\/files\/2024\/12\/Slide01.jpg\" class=\"attachment-full size-full wp-image-6912\" alt=\"\" srcset=\"https:\/\/www.lancaster.ac.uk\/great\/wp-content\/blogs.dir\/649\/files\/2024\/12\/Slide01.jpg 326w, https:\/\/www.lancaster.ac.uk\/great\/wp-content\/blogs.dir\/649\/files\/2024\/12\/Slide01-300x168.jpg 300w, https:\/\/www.lancaster.ac.uk\/great\/wp-content\/blogs.dir\/649\/files\/2024\/12\/Slide01-150x84.jpg 150w\" sizes=\"(max-width: 326px) 100vw, 326px\" \/>\t\t\t\t\t\t\t\t<\/a>\n\t\t\t\t\t\t\t\t\t\t\t\t\t\t\t<\/div>\n\t\t\t\t<\/div>\n\t\t\t\t<div class=\"elementor-element elementor-element-bf33016 elementor-widget elementor-widget-spacer\" data-id=\"bf33016\" data-element_type=\"widget\" data-e-type=\"widget\" data-widget_type=\"spacer.default\">\n\t\t\t\t<div class=\"elementor-widget-container\">\n\t\t\t\t\t\t\t<div class=\"elementor-spacer\">\n\t\t\t<div class=\"elementor-spacer-inner\"><\/div>\n\t\t<\/div>\n\t\t\t\t\t\t<\/div>\n\t\t\t\t<\/div>\n\t\t\t\t<\/div>\n\t\t<div class=\"elementor-element elementor-element-efc5e79 e-con-full e-flex e-con e-child\" data-id=\"efc5e79\" data-element_type=\"container\" data-e-type=\"container\">\n\t\t\t\t<div class=\"elementor-element elementor-element-e49ec76 elementor-widget elementor-widget-image\" data-id=\"e49ec76\" data-element_type=\"widget\" data-e-type=\"widget\" data-widget_type=\"image.default\">\n\t\t\t\t<div class=\"elementor-widget-container\">\n\t\t\t\t\t\t\t\t\t\t\t\t\t\t\t\t<a href=\"https:\/\/www.lancaster.ac.uk\/great\/voices\/voice-23\/\">\n\t\t\t\t\t\t\t<img decoding=\"async\" width=\"326\" height=\"183\" src=\"https:\/\/www.lancaster.ac.uk\/great\/wp-content\/blogs.dir\/649\/files\/2024\/12\/Slide02.jpg\" class=\"attachment-full size-full wp-image-6913\" alt=\"\" srcset=\"https:\/\/www.lancaster.ac.uk\/great\/wp-content\/blogs.dir\/649\/files\/2024\/12\/Slide02.jpg 326w, https:\/\/www.lancaster.ac.uk\/great\/wp-content\/blogs.dir\/649\/files\/2024\/12\/Slide02-300x168.jpg 300w, https:\/\/www.lancaster.ac.uk\/great\/wp-content\/blogs.dir\/649\/files\/2024\/12\/Slide02-150x84.jpg 150w\" sizes=\"(max-width: 326px) 100vw, 326px\" \/>\t\t\t\t\t\t\t\t<\/a>\n\t\t\t\t\t\t\t\t\t\t\t\t\t\t\t<\/div>\n\t\t\t\t<\/div>\n\t\t\t\t<div class=\"elementor-element elementor-element-794660e elementor-widget elementor-widget-spacer\" data-id=\"794660e\" data-element_type=\"widget\" data-e-type=\"widget\" data-widget_type=\"spacer.default\">\n\t\t\t\t<div class=\"elementor-widget-container\">\n\t\t\t\t\t\t\t<div class=\"elementor-spacer\">\n\t\t\t<div class=\"elementor-spacer-inner\"><\/div>\n\t\t<\/div>\n\t\t\t\t\t\t<\/div>\n\t\t\t\t<\/div>\n\t\t\t\t<\/div>\n\t\t<div class=\"elementor-element elementor-element-ded9368 e-con-full e-flex e-con e-child\" data-id=\"ded9368\" data-element_type=\"container\" data-e-type=\"container\">\n\t\t\t\t<div class=\"elementor-element elementor-element-7b465fb elementor-widget elementor-widget-image\" data-id=\"7b465fb\" data-element_type=\"widget\" data-e-type=\"widget\" data-widget_type=\"image.default\">\n\t\t\t\t<div class=\"elementor-widget-container\">\n\t\t\t\t\t\t\t\t\t\t\t\t\t\t\t\t<a href=\"https:\/\/www.lancaster.ac.uk\/great\/voices\/voice-25\/\">\n\t\t\t\t\t\t\t<img decoding=\"async\" width=\"326\" height=\"183\" src=\"https:\/\/www.lancaster.ac.uk\/great\/wp-content\/blogs.dir\/649\/files\/2024\/12\/Slide03.jpg\" class=\"attachment-full size-full wp-image-6914\" alt=\"\" srcset=\"https:\/\/www.lancaster.ac.uk\/great\/wp-content\/blogs.dir\/649\/files\/2024\/12\/Slide03.jpg 326w, https:\/\/www.lancaster.ac.uk\/great\/wp-content\/blogs.dir\/649\/files\/2024\/12\/Slide03-300x168.jpg 300w, https:\/\/www.lancaster.ac.uk\/great\/wp-content\/blogs.dir\/649\/files\/2024\/12\/Slide03-150x84.jpg 150w\" sizes=\"(max-width: 326px) 100vw, 326px\" \/>\t\t\t\t\t\t\t\t<\/a>\n\t\t\t\t\t\t\t\t\t\t\t\t\t\t\t<\/div>\n\t\t\t\t<\/div>\n\t\t\t\t<div class=\"elementor-element elementor-element-9b6e4e7 elementor-widget elementor-widget-spacer\" data-id=\"9b6e4e7\" data-element_type=\"widget\" data-e-type=\"widget\" data-widget_type=\"spacer.default\">\n\t\t\t\t<div class=\"elementor-widget-container\">\n\t\t\t\t\t\t\t<div class=\"elementor-spacer\">\n\t\t\t<div class=\"elementor-spacer-inner\"><\/div>\n\t\t<\/div>\n\t\t\t\t\t\t<\/div>\n\t\t\t\t<\/div>\n\t\t\t\t<\/div>\n\t\t\t\t<\/div>\n\t\t<div class=\"elementor-element elementor-element-f39d7a2 e-con-full e-flex e-con e-child\" data-id=\"f39d7a2\" data-element_type=\"container\" data-e-type=\"container\">\n\t\t\t\t<div class=\"elementor-element elementor-element-19e486e elementor-align-center elementor-widget elementor-widget-button\" data-id=\"19e486e\" data-element_type=\"widget\" data-e-type=\"widget\" data-widget_type=\"button.default\">\n\t\t\t\t<div class=\"elementor-widget-container\">\n\t\t\t\t\t\t\t\t\t<div class=\"elementor-button-wrapper\">\n\t\t\t\t\t<a class=\"elementor-button elementor-button-link elementor-size-sm\" href=\"https:\/\/www.lancaster.ac.uk\/great\/wp-content\/blogs.dir\/649\/files\/2025\/01\/Educational-Guides_Part12.pdf\">\n\t\t\t\t\t\t<span class=\"elementor-button-content-wrapper\">\n\t\t\t\t\t\t<span class=\"elementor-button-icon\">\n\t\t\t\t<svg aria-hidden=\"true\" class=\"e-font-icon-svg e-far-file-pdf\" viewBox=\"0 0 384 512\" xmlns=\"http:\/\/www.w3.org\/2000\/svg\"><path d=\"M369.9 97.9L286 14C277 5 264.8-.1 252.1-.1H48C21.5 0 0 21.5 0 48v416c0 26.5 21.5 48 48 48h288c26.5 0 48-21.5 48-48V131.9c0-12.7-5.1-25-14.1-34zM332.1 128H256V51.9l76.1 76.1zM48 464V48h160v104c0 13.3 10.7 24 24 24h104v288H48zm250.2-143.7c-12.2-12-47-8.7-64.4-6.5-17.2-10.5-28.7-25-36.8-46.3 3.9-16.1 10.1-40.6 5.4-56-4.2-26.2-37.8-23.6-42.6-5.9-4.4 16.1-.4 38.5 7 67.1-10 23.9-24.9 56-35.4 74.4-20 10.3-47 26.2-51 46.2-3.3 15.8 26 55.2 76.1-31.2 22.4-7.4 46.8-16.5 68.4-20.1 18.9 10.2 41 17 55.8 17 25.5 0 28-28.2 17.5-38.7zm-198.1 77.8c5.1-13.7 24.5-29.5 30.4-35-19 30.3-30.4 35.7-30.4 35zm81.6-190.6c7.4 0 6.7 32.1 1.8 40.8-4.4-13.9-4.3-40.8-1.8-40.8zm-24.4 136.6c9.7-16.9 18-37 24.7-54.7 8.3 15.1 18.9 27.2 30.1 35.5-20.8 4.3-38.9 13.1-54.8 19.2zm131.6-5s-5 6-37.3-7.8c35.1-2.6 40.9 5.4 37.3 7.8z\"><\/path><\/svg>\t\t\t<\/span>\n\t\t\t\t\t\t\t\t\t<span class=\"elementor-button-text\">Download Educational Guide<\/span>\n\t\t\t\t\t<\/span>\n\t\t\t\t\t<\/a>\n\t\t\t\t<\/div>\n\t\t\t\t\t\t\t\t<\/div>\n\t\t\t\t<\/div>\n\t\t\t\t<\/div>\n\t\t\t\t<\/div>\n\t\t\t\t<\/div>\n\t\t\t\t<div class=\"elementor-element elementor-element-b5ac93e elementor-widget elementor-widget-spacer\" data-id=\"b5ac93e\" data-element_type=\"widget\" data-e-type=\"widget\" data-widget_type=\"spacer.default\">\n\t\t\t\t<div class=\"elementor-widget-container\">\n\t\t\t\t\t\t\t<div class=\"elementor-spacer\">\n\t\t\t<div class=\"elementor-spacer-inner\"><\/div>\n\t\t<\/div>\n\t\t\t\t\t\t<\/div>\n\t\t\t\t<\/div>\n\t\t\t\t<\/div>\n\t\t\t\t\t<\/div>\n\t\t\t\t<\/div>\n\t\t\t\t<\/div>\n\t\t","protected":false},"excerpt":{"rendered":"<p>12. Gloria Mar\u00eda Fern\u00e1ndez https:\/\/www.youtube.com\/watch?v=TGBJo0fnxsQ Gloria Mar\u00eda Fern\u00e1ndez Rodr\u00edguez, 60, shares her 23-year journey in Pampa el Mirador Alto Jord\u00e1n, where she built her home while raising her children under challenging conditions. Originally from Cauca, she moved to Cali seeking opportunities and endured initial hardships like lack of infrastructure and financial struggles. Despite losing her [&hellip;]<\/p>\n","protected":false},"author":9,"featured_media":0,"parent":6864,"menu_order":0,"comment_status":"closed","ping_status":"closed","template":"","meta":{"site-sidebar-layout":"no-sidebar","site-content-layout":"page-builder","ast-site-content-layout":"full-width-container","site-content-style":"default","site-sidebar-style":"default","ast-global-header-display":"","ast-banner-title-visibility":"","ast-main-header-display":"","ast-hfb-above-header-display":"","ast-hfb-below-header-display":"","ast-hfb-mobile-header-display":"","site-post-title":"disabled","ast-breadcrumbs-content":"","ast-featured-img":"disabled","footer-sml-layout":"","ast-disable-related-posts":"","theme-transparent-header-meta":"","adv-header-id-meta":"","stick-header-meta":"","header-above-stick-meta":"","header-main-stick-meta":"","header-below-stick-meta":"","astra-migrate-meta-layouts":"set","ast-page-background-enabled":"default","ast-page-background-meta":{"desktop":{"background-color":"var(--ast-global-color-4)","background-image":"","background-repeat":"repeat","background-position":"center center","background-size":"auto","background-attachment":"scroll","background-type":"","background-media":"","overlay-type":"","overlay-color":"","overlay-opacity":"","overlay-gradient":""},"tablet":{"background-color":"","background-image":"","background-repeat":"repeat","background-position":"center center","background-size":"auto","background-attachment":"scroll","background-type":"","background-media":"","overlay-type":"","overlay-color":"","overlay-opacity":"","overlay-gradient":""},"mobile":{"background-color":"","background-image":"","background-repeat":"repeat","background-position":"center center","background-size":"auto","background-attachment":"scroll","background-type":"","background-media":"","overlay-type":"","overlay-color":"","overlay-opacity":"","overlay-gradient":""}},"ast-content-background-meta":{"desktop":{"background-color":"var(--ast-global-color-5)","background-image":"","background-repeat":"repeat","background-position":"center center","background-size":"auto","background-attachment":"scroll","background-type":"","background-media":"","overlay-type":"","overlay-color":"","overlay-opacity":"","overlay-gradient":""},"tablet":{"background-color":"var(--ast-global-color-5)","background-image":"","background-repeat":"repeat","background-position":"center center","background-size":"auto","background-attachment":"scroll","background-type":"","background-media":"","overlay-type":"","overlay-color":"","overlay-opacity":"","overlay-gradient":""},"mobile":{"background-color":"var(--ast-global-color-5)","background-image":"","background-repeat":"repeat","background-position":"center center","background-size":"auto","background-attachment":"scroll","background-type":"","background-media":"","overlay-type":"","overlay-color":"","overlay-opacity":"","overlay-gradient":""}},"footnotes":""},"class_list":["post-7031","page","type-page","status-publish","hentry"],"_links":{"self":[{"href":"https:\/\/www.lancaster.ac.uk\/great\/wp-json\/wp\/v2\/pages\/7031","targetHints":{"allow":["GET"]}}],"collection":[{"href":"https:\/\/www.lancaster.ac.uk\/great\/wp-json\/wp\/v2\/pages"}],"about":[{"href":"https:\/\/www.lancaster.ac.uk\/great\/wp-json\/wp\/v2\/types\/page"}],"author":[{"embeddable":true,"href":"https:\/\/www.lancaster.ac.uk\/great\/wp-json\/wp\/v2\/users\/9"}],"replies":[{"embeddable":true,"href":"https:\/\/www.lancaster.ac.uk\/great\/wp-json\/wp\/v2\/comments?post=7031"}],"version-history":[{"count":13,"href":"https:\/\/www.lancaster.ac.uk\/great\/wp-json\/wp\/v2\/pages\/7031\/revisions"}],"predecessor-version":[{"id":7811,"href":"https:\/\/www.lancaster.ac.uk\/great\/wp-json\/wp\/v2\/pages\/7031\/revisions\/7811"}],"up":[{"embeddable":true,"href":"https:\/\/www.lancaster.ac.uk\/great\/wp-json\/wp\/v2\/pages\/6864"}],"wp:attachment":[{"href":"https:\/\/www.lancaster.ac.uk\/great\/wp-json\/wp\/v2\/media?parent=7031"}],"curies":[{"name":"wp","href":"https:\/\/api.w.org\/{rel}","templated":true}]}}