{"id":11,"date":"2022-11-21T10:26:44","date_gmt":"2022-11-21T10:26:44","guid":{"rendered":"https:\/\/www.lancaster.ac.uk\/stor-i-student-sites\/kristina-bratkova\/?page_id=11"},"modified":"2024-10-01T20:42:30","modified_gmt":"2024-10-01T20:42:30","slug":"about-me","status":"publish","type":"page","link":"https:\/\/www.lancaster.ac.uk\/stor-i-student-sites\/kristina-bratkova\/about-me\/","title":{"rendered":"About"},"content":{"rendered":"\n<p>Originally from Slovakia, I completed a BSc Mathematics and Music degree at the University of Leeds in 2021. Last academic year, I was a part of the <a href=\"https:\/\/lida.leeds.ac.uk\/data-scientist-development-programme\/\" target=\"_blank\" rel=\"noreferrer noopener\">Data Scientist Development Programme<\/a> at the Leeds Institute for Data Analytics (LIDA). I am currently a second year PhD student at the <a href=\"https:\/\/www.lancaster.ac.uk\/stor-i\/\" data-type=\"URL\" data-id=\"https:\/\/www.lancaster.ac.uk\/stor-i\/\" target=\"_blank\" rel=\"noreferrer noopener\">STOR-i Institute<\/a>, Lancaster University. My research project is about modelling the dependence structure for spatial and multivariate environmental extreme events.<\/p>\n\n\n\n<figure class=\"wp-block-image size-large\"><img loading=\"lazy\" decoding=\"async\" width=\"1024\" height=\"768\" src=\"http:\/\/www.lancaster.ac.uk\/stor-i-student-sites\/kristina-bratkova\/wp-content\/uploads\/sites\/51\/2022\/12\/20221218_163035-1024x768.jpg\" alt=\"\" class=\"wp-image-68\" srcset=\"https:\/\/www.lancaster.ac.uk\/stor-i-student-sites\/kristina-bratkova\/wp-content\/uploads\/sites\/51\/2022\/12\/20221218_163035-1024x768.jpg 1024w, https:\/\/www.lancaster.ac.uk\/stor-i-student-sites\/kristina-bratkova\/wp-content\/uploads\/sites\/51\/2022\/12\/20221218_163035-300x225.jpg 300w, https:\/\/www.lancaster.ac.uk\/stor-i-student-sites\/kristina-bratkova\/wp-content\/uploads\/sites\/51\/2022\/12\/20221218_163035-768x576.jpg 768w, https:\/\/www.lancaster.ac.uk\/stor-i-student-sites\/kristina-bratkova\/wp-content\/uploads\/sites\/51\/2022\/12\/20221218_163035-1536x1152.jpg 1536w, https:\/\/www.lancaster.ac.uk\/stor-i-student-sites\/kristina-bratkova\/wp-content\/uploads\/sites\/51\/2022\/12\/20221218_163035-2048x1536.jpg 2048w, https:\/\/www.lancaster.ac.uk\/stor-i-student-sites\/kristina-bratkova\/wp-content\/uploads\/sites\/51\/2022\/12\/20221218_163035-1600x1200.jpg 1600w\" sizes=\"auto, (max-width: 1024px) 100vw, 1024px\" \/><figcaption class=\"wp-element-caption\">Tenerife, Spain.<\/figcaption><\/figure>\n\n\n\n<p>In my free time, I enjoy playing the piano, skiing, synchronised swimming and travelling in both remote nature and buzzing cities.<\/p>\n\n\n\n<figure class=\"wp-block-embed is-type-video is-provider-youtube wp-block-embed-youtube wp-embed-aspect-16-9 wp-has-aspect-ratio\"><div class=\"wp-block-embed__wrapper\">\n<iframe loading=\"lazy\" title=\"Krist\u00edna Bratkov\u00e1-Katar\u00edna Mlyn\u00e1r\u010dikov\u00e1 4-ru\u010dn\u00fd klav\u00edr\" width=\"688\" height=\"387\" src=\"https:\/\/www.youtube.com\/embed\/q77OBcTFQGA?start=27&#038;feature=oembed\" frameborder=\"0\" allow=\"accelerometer; autoplay; clipboard-write; encrypted-media; gyroscope; picture-in-picture; web-share\" referrerpolicy=\"strict-origin-when-cross-origin\" allowfullscreen><\/iframe>\n<\/div><\/figure>\n\n\n\n<figure class=\"wp-block-image size-large is-style-default\"><img loading=\"lazy\" decoding=\"async\" width=\"1024\" height=\"768\" src=\"https:\/\/www.lancaster.ac.uk\/stor-i-student-sites\/kristina-bratkova\/wp-content\/uploads\/sites\/51\/2022\/12\/IMG_20211219_112955-1024x768.jpg\" alt=\"\" class=\"wp-image-121\" srcset=\"https:\/\/www.lancaster.ac.uk\/stor-i-student-sites\/kristina-bratkova\/wp-content\/uploads\/sites\/51\/2022\/12\/IMG_20211219_112955-1024x768.jpg 1024w, https:\/\/www.lancaster.ac.uk\/stor-i-student-sites\/kristina-bratkova\/wp-content\/uploads\/sites\/51\/2022\/12\/IMG_20211219_112955-300x225.jpg 300w, https:\/\/www.lancaster.ac.uk\/stor-i-student-sites\/kristina-bratkova\/wp-content\/uploads\/sites\/51\/2022\/12\/IMG_20211219_112955-768x576.jpg 768w, https:\/\/www.lancaster.ac.uk\/stor-i-student-sites\/kristina-bratkova\/wp-content\/uploads\/sites\/51\/2022\/12\/IMG_20211219_112955-1536x1152.jpg 1536w, https:\/\/www.lancaster.ac.uk\/stor-i-student-sites\/kristina-bratkova\/wp-content\/uploads\/sites\/51\/2022\/12\/IMG_20211219_112955-2048x1536.jpg 2048w, https:\/\/www.lancaster.ac.uk\/stor-i-student-sites\/kristina-bratkova\/wp-content\/uploads\/sites\/51\/2022\/12\/IMG_20211219_112955-1600x1200.jpg 1600w\" sizes=\"auto, (max-width: 1024px) 100vw, 1024px\" \/><figcaption class=\"wp-element-caption\">\u0160trbsk\u00e9 pleso, Slovakia.<\/figcaption><\/figure>\n\n\n\n<figure class=\"wp-block-image size-large is-style-default\"><img decoding=\"async\" src=\"http:\/\/www.lancaster.ac.uk\/stor-i-student-sites\/kristina-bratkova\/wp-content\/uploads\/sites\/51\/2022\/11\/Leeds-1024x768.jpg\" alt=\"\" class=\"wp-image-8\" \/><figcaption class=\"wp-element-caption\">View from Leeds University Union on Parkinson Building.<\/figcaption><\/figure>\n","protected":false},"excerpt":{"rendered":"<p>Originally from Slovakia, I completed a BSc Mathematics and Music degree at the University of Leeds in 2021. Last academic&hellip;<\/p>\n","protected":false},"author":59,"featured_media":0,"parent":0,"menu_order":0,"comment_status":"closed","ping_status":"closed","template":"","meta":{"footnotes":""},"class_list":["post-11","page","type-page","status-publish","hentry"],"_links":{"self":[{"href":"https:\/\/www.lancaster.ac.uk\/stor-i-student-sites\/kristina-bratkova\/wp-json\/wp\/v2\/pages\/11","targetHints":{"allow":["GET"]}}],"collection":[{"href":"https:\/\/www.lancaster.ac.uk\/stor-i-student-sites\/kristina-bratkova\/wp-json\/wp\/v2\/pages"}],"about":[{"href":"https:\/\/www.lancaster.ac.uk\/stor-i-student-sites\/kristina-bratkova\/wp-json\/wp\/v2\/types\/page"}],"author":[{"embeddable":true,"href":"https:\/\/www.lancaster.ac.uk\/stor-i-student-sites\/kristina-bratkova\/wp-json\/wp\/v2\/users\/59"}],"replies":[{"embeddable":true,"href":"https:\/\/www.lancaster.ac.uk\/stor-i-student-sites\/kristina-bratkova\/wp-json\/wp\/v2\/comments?post=11"}],"version-history":[{"count":19,"href":"https:\/\/www.lancaster.ac.uk\/stor-i-student-sites\/kristina-bratkova\/wp-json\/wp\/v2\/pages\/11\/revisions"}],"predecessor-version":[{"id":248,"href":"https:\/\/www.lancaster.ac.uk\/stor-i-student-sites\/kristina-bratkova\/wp-json\/wp\/v2\/pages\/11\/revisions\/248"}],"wp:attachment":[{"href":"https:\/\/www.lancaster.ac.uk\/stor-i-student-sites\/kristina-bratkova\/wp-json\/wp\/v2\/media?parent=11"}],"curies":[{"name":"wp","href":"https:\/\/api.w.org\/{rel}","templated":true}]}}